{"id":12872,"date":"2023-10-26T07:03:24","date_gmt":"2023-10-26T07:03:24","guid":{"rendered":"https:\/\/alpakids.com\/print\/"},"modified":"2026-03-09T12:41:04","modified_gmt":"2026-03-09T12:41:04","slug":"print","status":"publish","type":"page","link":"https:\/\/alpakids.com\/da\/print\/","title":{"rendered":"Arbejdsark"},"content":{"rendered":"<div class=\"wpb-content-wrapper\"><p>[vc_row kd_background_image_position=&#8221;vc_row-bg-position-top&#8221;][vc_column][vc_column_text css=&#8221;.vc_custom_1702850021911{margin-top: 200px !important;}&#8221;]<\/p>\n<h1 style=\"text-align: center;\">ARBEJDSARK<\/h1>\n<p>&nbsp;<\/p>\n<p>[\/vc_column_text][vc_column_text css=&#8221;&#8221;]<span style=\"color: #808080;\">INTELLEKTUEL EJENDOMSRET OG OPHAVSRET<\/span><br \/>\n<span style=\"color: #808080;\"> Alle digitale produkter, der er tilg\u00e6ngelige i vores e-butik, er beskyttet af intellektuelle ejendomsrettigheder, og ophavsretten dertil tilh\u00f8rer os (ALPA Kids O\u00dc). Ved at k\u00f8be vores digitale produkter tildeles du ingen ophavsret eller intellektuelle ejendomsrettigheder til disse produkter. Du m\u00e5 ikke \u00e6ndre, tilpasse eller redigere digitale produkter p\u00e5 en m\u00e5de, der g\u00f8r dem publicerbare eller delbare med tredjeparter. Du har kun ret til at bruge digitale produkter til personlige form\u00e5l. <\/span><br \/>\n<span style=\"color: #808080;\">Hvis du har sp\u00f8rgsm\u00e5l, bedes du sende en mail til <a href=\"mailto:info@alpakids.com\">info@alpakids.com<\/a>.<\/span><\/p>\n<hr \/>\n<h6><strong>Marts 2026<\/strong><\/h6>\n<h6><strong><a href=\"https:\/\/alpakids.com\/wp-content\/uploads\/2026\/03\/alpa_printables_03-2026_DK.pdf\" target=\"_blank\" rel=\"noopener\"><img fetchpriority=\"high\" decoding=\"async\" class=\"alignnone wp-image-17711 size-medium\" src=\"https:\/\/alpakids.com\/wp-content\/uploads\/2026\/03\/alpa_printables_03-2026-212x300.jpg\" alt=\"\" width=\"212\" height=\"300\" srcset=\"https:\/\/alpakids.com\/wp-content\/uploads\/2026\/03\/alpa_printables_03-2026-212x300.jpg 212w, https:\/\/alpakids.com\/wp-content\/uploads\/2026\/03\/alpa_printables_03-2026-141x200.jpg 141w, https:\/\/alpakids.com\/wp-content\/uploads\/2026\/03\/alpa_printables_03-2026.jpg 303w\" sizes=\"(max-width: 212px) 100vw, 212px\" \/><\/a><\/strong><\/h6>\n<h6><strong>Februar 2026<\/strong><\/h6>\n<h6><strong><a href=\"https:\/\/alpakids.com\/wp-content\/uploads\/2026\/02\/alpa_printables_02-2026_dk.pdf\" target=\"_blank\" rel=\"noopener\"><img decoding=\"async\" class=\"alignnone wp-image-17505 size-medium\" src=\"https:\/\/alpakids.com\/wp-content\/uploads\/2026\/02\/alpa_printables_02-2026-212x300.jpg\" alt=\"\" width=\"212\" height=\"300\" srcset=\"https:\/\/alpakids.com\/wp-content\/uploads\/2026\/02\/alpa_printables_02-2026-212x300.jpg 212w, https:\/\/alpakids.com\/wp-content\/uploads\/2026\/02\/alpa_printables_02-2026-141x200.jpg 141w, https:\/\/alpakids.com\/wp-content\/uploads\/2026\/02\/alpa_printables_02-2026.jpg 303w\" sizes=\"(max-width: 212px) 100vw, 212px\" \/><\/a><\/strong><\/h6>\n<h6><\/h6>\n<p>&nbsp;<\/p>\n<p>&nbsp;<\/p>\n<p>&nbsp;<\/p>\n<h6><\/h6>\n<p>[\/vc_column_text][\/vc_column][\/vc_row]<\/p>\n<\/div>","protected":false},"excerpt":{"rendered":"<p>[vc_row kd_background_image_position=&#8221;vc_row-bg-position-top&#8221;][vc_column][vc_column_text css=&#8221;.vc_custom_1702850021911{margin-top: 200px !important;}&#8221;] ARBEJDSARK &nbsp; [\/vc_column_text][vc_column_text css=&#8221;&#8221;]INTELLEKTUEL EJENDOMSRET OG OPHAVSRET Alle digitale produkter, der er tilg\u00e6ngelige i vores [&hellip;]<\/p>\n","protected":false},"author":1,"featured_media":0,"parent":0,"menu_order":0,"comment_status":"closed","ping_status":"open","template":"","meta":{"footnotes":""},"class_list":["post-12872","page","type-page","status-publish","hentry"],"yoast_head":"<!-- This site is optimized with the Yoast SEO plugin v26.8 - https:\/\/yoast.com\/product\/yoast-seo-wordpress\/ -->\n<title>Arbejdsark - ALPA Kids<\/title>\n<meta name=\"description\" content=\"ALPA Kids\" \/>\n<meta name=\"robots\" content=\"index, follow, max-snippet:-1, max-image-preview:large, max-video-preview:-1\" \/>\n<link rel=\"canonical\" href=\"https:\/\/alpakids.com\/da\/print\/\" \/>\n<meta property=\"og:locale\" content=\"da_DK\" \/>\n<meta property=\"og:type\" content=\"article\" \/>\n<meta property=\"og:title\" content=\"Arbejdsark - ALPA Kids\" \/>\n<meta property=\"og:description\" content=\"ALPA Kids\" \/>\n<meta property=\"og:url\" content=\"https:\/\/alpakids.com\/da\/print\/\" \/>\n<meta property=\"og:site_name\" content=\"ALPA Kids\" \/>\n<meta property=\"article:modified_time\" content=\"2026-03-09T12:41:04+00:00\" \/>\n<meta property=\"og:image\" content=\"https:\/\/alpakids.com\/wp-content\/uploads\/2026\/03\/alpa_printables_03-2026.jpg\" \/>\n\t<meta property=\"og:image:width\" content=\"303\" \/>\n\t<meta property=\"og:image:height\" content=\"429\" \/>\n\t<meta property=\"og:image:type\" content=\"image\/jpeg\" \/>\n<meta name=\"twitter:card\" content=\"summary_large_image\" \/>\n<meta name=\"twitter:label1\" content=\"Estimeret l\u00e6setid\" \/>\n\t<meta name=\"twitter:data1\" content=\"1 minut\" \/>\n<script type=\"application\/ld+json\" class=\"yoast-schema-graph\">{\"@context\":\"https:\/\/schema.org\",\"@graph\":[{\"@type\":\"WebPage\",\"@id\":\"https:\/\/alpakids.com\/da\/print\/\",\"url\":\"https:\/\/alpakids.com\/da\/print\/\",\"name\":\"Arbejdsark - ALPA Kids\",\"isPartOf\":{\"@id\":\"https:\/\/alpakids.com\/lt\/#website\"},\"primaryImageOfPage\":{\"@id\":\"https:\/\/alpakids.com\/da\/print\/#primaryimage\"},\"image\":{\"@id\":\"https:\/\/alpakids.com\/da\/print\/#primaryimage\"},\"thumbnailUrl\":\"https:\/\/alpakids.com\/wp-content\/uploads\/2026\/03\/alpa_printables_03-2026-212x300.jpg\",\"datePublished\":\"2023-10-26T07:03:24+00:00\",\"dateModified\":\"2026-03-09T12:41:04+00:00\",\"description\":\"ALPA Kids\",\"breadcrumb\":{\"@id\":\"https:\/\/alpakids.com\/da\/print\/#breadcrumb\"},\"inLanguage\":\"da-DK\",\"potentialAction\":[{\"@type\":\"ReadAction\",\"target\":[\"https:\/\/alpakids.com\/da\/print\/\"]}]},{\"@type\":\"ImageObject\",\"inLanguage\":\"da-DK\",\"@id\":\"https:\/\/alpakids.com\/da\/print\/#primaryimage\",\"url\":\"https:\/\/alpakids.com\/wp-content\/uploads\/2026\/03\/alpa_printables_03-2026-212x300.jpg\",\"contentUrl\":\"https:\/\/alpakids.com\/wp-content\/uploads\/2026\/03\/alpa_printables_03-2026-212x300.jpg\"},{\"@type\":\"BreadcrumbList\",\"@id\":\"https:\/\/alpakids.com\/da\/print\/#breadcrumb\",\"itemListElement\":[{\"@type\":\"ListItem\",\"position\":1,\"name\":\"Home\",\"item\":\"https:\/\/alpakids.com\/da\/\"},{\"@type\":\"ListItem\",\"position\":2,\"name\":\"Arbejdsark\"}]},{\"@type\":\"WebSite\",\"@id\":\"https:\/\/alpakids.com\/lt\/#website\",\"url\":\"https:\/\/alpakids.com\/lt\/\",\"name\":\"ALPA Kids\",\"description\":\"Educational games for children\",\"publisher\":{\"@id\":\"https:\/\/alpakids.com\/lt\/#organization\"},\"potentialAction\":[{\"@type\":\"SearchAction\",\"target\":{\"@type\":\"EntryPoint\",\"urlTemplate\":\"https:\/\/alpakids.com\/lt\/?s={search_term_string}\"},\"query-input\":{\"@type\":\"PropertyValueSpecification\",\"valueRequired\":true,\"valueName\":\"search_term_string\"}}],\"inLanguage\":\"da-DK\"},{\"@type\":\"Organization\",\"@id\":\"https:\/\/alpakids.com\/lt\/#organization\",\"name\":\"ALPA Kids\",\"url\":\"https:\/\/alpakids.com\/lt\/\",\"logo\":{\"@type\":\"ImageObject\",\"inLanguage\":\"da-DK\",\"@id\":\"https:\/\/alpakids.com\/lt\/#\/schema\/logo\/image\/\",\"url\":\"https:\/\/alpakids.com\/wp-content\/uploads\/2024\/03\/alpa-kids_logo_2019_2-2.png\",\"contentUrl\":\"https:\/\/alpakids.com\/wp-content\/uploads\/2024\/03\/alpa-kids_logo_2019_2-2.png\",\"width\":690,\"height\":354,\"caption\":\"ALPA Kids\"},\"image\":{\"@id\":\"https:\/\/alpakids.com\/lt\/#\/schema\/logo\/image\/\"},\"sameAs\":[\"https:\/\/www.linkedin.com\/company\/19111076\/\"]}]}<\/script>\n<!-- \/ Yoast SEO plugin. -->","yoast_head_json":{"title":"Arbejdsark - ALPA Kids","description":"ALPA Kids","robots":{"index":"index","follow":"follow","max-snippet":"max-snippet:-1","max-image-preview":"max-image-preview:large","max-video-preview":"max-video-preview:-1"},"canonical":"https:\/\/alpakids.com\/da\/print\/","og_locale":"da_DK","og_type":"article","og_title":"Arbejdsark - ALPA Kids","og_description":"ALPA Kids","og_url":"https:\/\/alpakids.com\/da\/print\/","og_site_name":"ALPA Kids","article_modified_time":"2026-03-09T12:41:04+00:00","og_image":[{"width":303,"height":429,"url":"https:\/\/alpakids.com\/wp-content\/uploads\/2026\/03\/alpa_printables_03-2026.jpg","type":"image\/jpeg"}],"twitter_card":"summary_large_image","twitter_misc":{"Estimeret l\u00e6setid":"1 minut"},"schema":{"@context":"https:\/\/schema.org","@graph":[{"@type":"WebPage","@id":"https:\/\/alpakids.com\/da\/print\/","url":"https:\/\/alpakids.com\/da\/print\/","name":"Arbejdsark - ALPA Kids","isPartOf":{"@id":"https:\/\/alpakids.com\/lt\/#website"},"primaryImageOfPage":{"@id":"https:\/\/alpakids.com\/da\/print\/#primaryimage"},"image":{"@id":"https:\/\/alpakids.com\/da\/print\/#primaryimage"},"thumbnailUrl":"https:\/\/alpakids.com\/wp-content\/uploads\/2026\/03\/alpa_printables_03-2026-212x300.jpg","datePublished":"2023-10-26T07:03:24+00:00","dateModified":"2026-03-09T12:41:04+00:00","description":"ALPA Kids","breadcrumb":{"@id":"https:\/\/alpakids.com\/da\/print\/#breadcrumb"},"inLanguage":"da-DK","potentialAction":[{"@type":"ReadAction","target":["https:\/\/alpakids.com\/da\/print\/"]}]},{"@type":"ImageObject","inLanguage":"da-DK","@id":"https:\/\/alpakids.com\/da\/print\/#primaryimage","url":"https:\/\/alpakids.com\/wp-content\/uploads\/2026\/03\/alpa_printables_03-2026-212x300.jpg","contentUrl":"https:\/\/alpakids.com\/wp-content\/uploads\/2026\/03\/alpa_printables_03-2026-212x300.jpg"},{"@type":"BreadcrumbList","@id":"https:\/\/alpakids.com\/da\/print\/#breadcrumb","itemListElement":[{"@type":"ListItem","position":1,"name":"Home","item":"https:\/\/alpakids.com\/da\/"},{"@type":"ListItem","position":2,"name":"Arbejdsark"}]},{"@type":"WebSite","@id":"https:\/\/alpakids.com\/lt\/#website","url":"https:\/\/alpakids.com\/lt\/","name":"ALPA Kids","description":"Educational games for children","publisher":{"@id":"https:\/\/alpakids.com\/lt\/#organization"},"potentialAction":[{"@type":"SearchAction","target":{"@type":"EntryPoint","urlTemplate":"https:\/\/alpakids.com\/lt\/?s={search_term_string}"},"query-input":{"@type":"PropertyValueSpecification","valueRequired":true,"valueName":"search_term_string"}}],"inLanguage":"da-DK"},{"@type":"Organization","@id":"https:\/\/alpakids.com\/lt\/#organization","name":"ALPA Kids","url":"https:\/\/alpakids.com\/lt\/","logo":{"@type":"ImageObject","inLanguage":"da-DK","@id":"https:\/\/alpakids.com\/lt\/#\/schema\/logo\/image\/","url":"https:\/\/alpakids.com\/wp-content\/uploads\/2024\/03\/alpa-kids_logo_2019_2-2.png","contentUrl":"https:\/\/alpakids.com\/wp-content\/uploads\/2024\/03\/alpa-kids_logo_2019_2-2.png","width":690,"height":354,"caption":"ALPA Kids"},"image":{"@id":"https:\/\/alpakids.com\/lt\/#\/schema\/logo\/image\/"},"sameAs":["https:\/\/www.linkedin.com\/company\/19111076\/"]}]}},"_links":{"self":[{"href":"https:\/\/alpakids.com\/da\/wp-json\/wp\/v2\/pages\/12872","targetHints":{"allow":["GET"]}}],"collection":[{"href":"https:\/\/alpakids.com\/da\/wp-json\/wp\/v2\/pages"}],"about":[{"href":"https:\/\/alpakids.com\/da\/wp-json\/wp\/v2\/types\/page"}],"author":[{"embeddable":true,"href":"https:\/\/alpakids.com\/da\/wp-json\/wp\/v2\/users\/1"}],"replies":[{"embeddable":true,"href":"https:\/\/alpakids.com\/da\/wp-json\/wp\/v2\/comments?post=12872"}],"version-history":[{"count":5,"href":"https:\/\/alpakids.com\/da\/wp-json\/wp\/v2\/pages\/12872\/revisions"}],"predecessor-version":[{"id":17811,"href":"https:\/\/alpakids.com\/da\/wp-json\/wp\/v2\/pages\/12872\/revisions\/17811"}],"wp:attachment":[{"href":"https:\/\/alpakids.com\/da\/wp-json\/wp\/v2\/media?parent=12872"}],"curies":[{"name":"wp","href":"https:\/\/api.w.org\/{rel}","templated":true}]}}