{"id":11369,"date":"2023-04-17T10:50:03","date_gmt":"2023-04-17T10:50:03","guid":{"rendered":"https:\/\/alpakids.com\/?page_id=11369"},"modified":"2023-04-17T10:50:03","modified_gmt":"2023-04-17T10:50:03","slug":"alpa-kidsi-ostu-muugitingimused-haridusasutustele","status":"publish","type":"page","link":"https:\/\/alpakids.com\/et\/alpa-kidsi-ostu-muugitingimused-haridusasutustele\/","title":{"rendered":"ALPA Kidsi ostu-m\u00fc\u00fcgitingimused haridusasutustele"},"content":{"rendered":"<div class=\"wpb-content-wrapper\"><p>[vc_row kd_background_image_position=&#8221;vc_row-bg-position-top&#8221;][vc_column][vc_column_text]<\/p>\r\n<div>\u00a0<\/div>\r\n<div>\u00a01.\u00a0<b>\u00dcldinfo<\/b><\/div>\r\n<p>1.1 ALPA Kids (ALPA Kids O\u00dc, registrikood 14547512), edaspidi M\u00fc\u00fcja loob koost\u00f6\u00f6s Eesti \u00f5petajate, haridustehnoloogide ja teiste lapse arengu spetsialistidega ALPA digi\u00f5ppem\u00e4nge (Android, iOS, veebiversioon).<\/p>\r\n<p>1.2 M\u00fc\u00fcja ostu-m\u00fc\u00fcgitingimused (edaspidi tingimused) kehtivad k\u00f5ikide isikute suhtes (ostja), kes tellivad ALPA Kidsi kodulehelt ALPA Kidsi digi\u00f5ppem\u00e4ngude kasutamiseks vajalikud kasutuslitsentsid.<\/p>\r\n<p>1.3 Tingimuste aktsepteerimisega kinnitab ostja, et ta on tingimustega tutvunud, nendega n\u00f5us ja t\u00e4idab neid.<\/p>\r\n<p><b>\u00a0<\/b><\/p>\r\n<p>2.\u00a0<b>Ostud ja arveldus<\/b><\/p>\r\n<p>2.1 ALPA Kidsi digi\u00f5ppem\u00e4ngude t\u00e4isversiooni saavad haridusasutused tellida aadressilt\u00a0<strong><a href=\"https:\/\/alpakids.com\/et\/paketid-haridusasutustele\/\" target=\"_blank\" rel=\"noopener\">https:\/\/alpakids.com\/et\/paketid-haridusasutustele\/<\/a><\/strong>, kirjutades e-posti aadressile<strong>\u00a0<\/strong><a href=\"mailto:haridus@alpa.ee\"><strong>haridus@alpa.ee<\/strong><\/a>\u00a0ning ostu sooritada tasudes arve alusel.<\/p>\r\n<p>2.2 Ostjal on \u00f5igus paluda e-arvet kuni 21-p\u00e4evase t\u00e4htajaga.<\/p>\r\n<p>2.3\u00a0Tellimuse vormistamisel on ostja kohustatud esitama tellimuse teostamiseks vajalikud andmed.<\/p>\r\n<p>2.4 Juhul, kui ostja esitatud andmed on valed ja\/v\u00f5i mittet\u00e4ielikud, ei vastuta m\u00fc\u00fcja tellimuse mitten\u00f5uetekohase t\u00e4itmise eest.<\/p>\r\n<p>2.5 Arve t\u00e4htajaks tasumata j\u00e4tmisel on m\u00fc\u00fcjal \u00f5igus teenuse pakkumine l\u00f5petada.<\/p>\r\n<p>2.6 Vastavalt v\u00f5la\u00f5igusseadus \u00a7 53 lg 4 p 71 ei kohaldata taganemis\u00f5igust tehingutele, mille esemeks on digitaalse sisu edastamine, mida ei toimetata k\u00e4tte f\u00fc\u00fcsilisel andmekandjal.<\/p>\r\n<p>2.7 Arvega tasumisel aktiveerub kasutuslitsents p\u00e4rast raha laekumist arvel toodud ALPA Kidsi pangakontole 3 t\u00f6\u00f6p\u00e4eva jooksul v\u00f5i tellimuses m\u00e4rgitud alguskuup\u00e4eval.<\/p>\r\n<p>2.8 Ostja seadmetes teenusele ligip\u00e4\u00e4su saamiseks peab ostja aktiveerima talle saadetud kasutuslitsentsi enda asutuse seadmetes.<\/p>\r\n<p>2.9. Kasutuslitsentsi jagamine kolmandatele osapooltele on keelatud.<\/p>\r\n<p>2.10. M\u00fc\u00fcja saadab ostjale kasutuslitsentsi aktiveerimiseks vajaliku info 3 t\u00f6\u00f6p\u00e4eva jooksul p\u00e4rast arve tasumist.<\/p>\r\n<p>2.11. Ostude ja arveldusega seotud probleemide puhul palume kirjutada aadressile\u00a0<strong><a href=\"mailto:haridus@alpa.ee\">haridus@alpa.ee<\/a>.<\/strong><\/p>\r\n<p>&nbsp;<\/p>\r\n<p>3.\u00a0ALPA digi\u00f5ppem\u00e4ngude paketid<\/p>\r\n<p>3.1 Haridusasutustele m\u00f5eldud digi\u00f5ppem\u00e4ngude paketid on n\u00e4htavad aadressil\u00a0<a href=\"https:\/\/alpakids.com\/et\/paketid-haridusasutustele\/\"><strong>https:\/\/alpakids.com\/et\/paketid-haridusasutustele\/<\/strong><\/a><\/p>\r\n<p>3.2 M\u00fc\u00fcjal on \u00f5igus kehtestada pakettide tellimuse hind ja muud tingimused.<\/p>\r\n<p>3.3 ALPA Kidsil on \u00f5igus hindu ja pakettide sisu muuta, kuid ei ole \u00f5igust arveldusperioodi ajal juba ostu sooritanud asutuse hinda t\u00f5sta ega paketi sisu v\u00e4hendada.<\/p>\r\n<p>3.4 Ostude ja arveldusega seotud probleemide puhul palume kirjutada aadressile<strong>\u00a0<\/strong><a href=\"mailto:haridus@alpa.ee\"><strong>haridus@alpa.ee<\/strong><\/a>.<\/p>\r\n<p>&nbsp;<\/p>\r\n<p>4.\u00a0Tehniline tugi ALPA teenustele<\/p>\r\n<p>4.1 Haridusasutustel on ALPA digi\u00f5ppem\u00e4ngude t\u00e4isversooni ostes \u00f5igus tehnilisele toele, mis sisaldab mobiilirakenduse puhul telefoni teel n\u00f5ustamist (E-R 11-16, +372 5692 6304) ja interaktiivses tahvlis vajadusel ALPA kasutamiseks ettevalmistavat kohapealset visiiti ning abi seadistamisel.<\/p>\r\n<p>4.2 Kohapealsed visiidid toimuvad haridusasutuse ja ALPA Kidsi kirjalikult kokkulepitud ajal esimesel v\u00f5imalusel, kuid mitte hiljem kui kahe n\u00e4dala jooksul p\u00e4rast soovi avaldamist.<\/p>\r\n<p>4.3 M\u00fc\u00fcja kohustub ostja pretensiooni lahendama juhul, kui pretensiooni p\u00f5hjused s\u00f5ltuvad m\u00fc\u00fcja teenusest.<\/p>\r\n<p>&nbsp;<\/p>\r\n<p>5.\u00a0<b>Digi\u00f5ppem\u00e4ngude uuendamine<\/b><\/p>\r\n<p>5.1 Uuendame ALPA Kidsi digi\u00f5ppem\u00e4nge j\u00e4rjepidevalt ning Google\u2019i ja Apple\u2019i mobiilirakenduste keskkonnas v\u00f5ib uuenduste \u00fclevaatamise perioodil esineda piiranguid rakenduse funktsioonidele, kuid pole takistatud digi\u00f5ppem\u00e4ngude kasutus.<\/p>\r\n<p>5.2 ALPA Kidsi kasutaja kohustub kasutama mobiilirakenduse k\u00f5ige uuemat versiooni, et tagada uusim sisu ja t\u00f6\u00f6kindlus.<\/p>\r\n<p>&nbsp;<\/p>\r\n<p><b>6.\u00a0<\/b><b>Intellektuaalne omand<\/b><\/p>\r\n<p>6.1 Kogu ALPA Kidsi mobiilirakenduse disaini, sisu, arenduskoodi jm h\u00f5lmav intellektuaalne omand kuulub ettev\u00f5ttele ALPA Kids O\u00dc ning selle reproduktsioon on keelatud ilma kirjaliku kokkuleppeta.<\/p>\r\n<p>&nbsp;<\/p>\r\n<p>7.\u00a0<b>ALPA Kidsi andmekasutus<\/b><\/p>\r\n<p>7.1 ALPA Kidsi mobiilirakenduse kasutaja on kohustatud tutvuma ja n\u00f5ustuma meie\u00a0<strong><a href=\"https:\/\/alpakids.com\/et\/privaatsustingimused\/\" target=\"_blank\" rel=\"noopener\">privaatsuseeskirjaga<\/a><\/strong>.<\/p>\r\n<p>7.2 M\u00fc\u00fcjal on ostja n\u00f5usolekuta \u00f5igus t\u00f6\u00f6delda ostja andmeid (sh isikuandmeid) ulatuses, mis on vajalik tehingust tulenevate kohustuste t\u00e4itmiseks, sealhulgas saata ostjale ALPA Kidsi teenuste kasutamisega seonduvaid teateid.<\/p>\r\n<p><b>\u00a0<\/b><\/p>\r\n<p>8.\u00a0<b>Vastutus ja vaidluste lahendamine<\/b><\/p>\r\n<p>8.1. Ostjal on v\u00f5imalik teenuse lepingutingimustele mittevastavuse korral tugineda seaduses s\u00e4testatud \u00f5iguskaitsevahenditele, sh n\u00f5uda lepingu t\u00e4itmist, alandada hinda, n\u00f5uda kahju h\u00fcvitamist ja leping \u00fcles \u00f6elda.<\/p>\r\n<p>8.2. Puuduse avastamisel peab ostja kohe teavitama ALPA Kidsi t\u00f6\u00f6tajaid e-posti teel. P\u00e4rast kasutuslitsentsi kehtivuse l\u00f5ppu ei ole v\u00f5imalik tuvastada puudusi teenuse osutamises.<\/p>\r\n<p>&nbsp;<\/p>\r\n<p>9.\u00a0<b>Kontaktandmed<\/b><\/p>\r\n<p>9.1 Palume k\u00f5ik ettepanekud, k\u00fcsimused ja kaebused saata e-posti aadressile\u00a0<a href=\"mailto:haridus@alpa.ee\"><strong>haridus@alpa.ee<\/strong><\/a>.<\/p>\r\n<p>[\/vc_column_text][\/vc_column][\/vc_row]<\/p><\/div>","protected":false},"excerpt":{"rendered":"<p>[vc_row kd_background_image_position=&#8221;vc_row-bg-position-top&#8221;][vc_column][vc_column_text] \u00a0 \u00a01.\u00a0\u00dcldinfo 1.1 ALPA Kids (ALPA Kids O\u00dc, registrikood 14547512), edaspidi M\u00fc\u00fcja loob koost\u00f6\u00f6s Eesti \u00f5petajate, haridustehnoloogide ja [&hellip;]<\/p>\n","protected":false},"author":1,"featured_media":0,"parent":0,"menu_order":0,"comment_status":"closed","ping_status":"open","template":"","meta":{"footnotes":""},"class_list":["post-11369","page","type-page","status-publish","hentry"],"yoast_head":"<!-- This site is optimized with the Yoast SEO plugin v26.8 - https:\/\/yoast.com\/product\/yoast-seo-wordpress\/ -->\n<title>ALPA Kidsi ostu-m\u00fc\u00fcgitingimused haridusasutustele - ALPA Kids<\/title>\n<meta name=\"description\" content=\"ALPA Kids\" \/>\n<meta name=\"robots\" content=\"index, follow, max-snippet:-1, max-image-preview:large, max-video-preview:-1\" \/>\n<link rel=\"canonical\" href=\"https:\/\/alpakids.com\/et\/alpa-kidsi-ostu-muugitingimused-haridusasutustele\/\" \/>\n<meta property=\"og:locale\" content=\"et_EE\" \/>\n<meta property=\"og:type\" content=\"article\" \/>\n<meta property=\"og:title\" content=\"ALPA Kidsi ostu-m\u00fc\u00fcgitingimused haridusasutustele - ALPA Kids\" \/>\n<meta property=\"og:description\" content=\"ALPA Kids\" \/>\n<meta property=\"og:url\" content=\"https:\/\/alpakids.com\/et\/alpa-kidsi-ostu-muugitingimused-haridusasutustele\/\" \/>\n<meta property=\"og:site_name\" content=\"ALPA Kids\" \/>\n<meta property=\"og:image\" content=\"https:\/\/alpakids.com\/wp-content\/uploads\/2024\/03\/alpa-kids_googleplay-dev-header_1200x675.png\" \/>\n\t<meta property=\"og:image:width\" content=\"1200\" \/>\n\t<meta property=\"og:image:height\" content=\"675\" \/>\n\t<meta property=\"og:image:type\" content=\"image\/png\" \/>\n<meta name=\"twitter:card\" content=\"summary_large_image\" \/>\n<meta name=\"twitter:label1\" content=\"Est. reading time\" \/>\n\t<meta name=\"twitter:data1\" content=\"3 minutit\" \/>\n<script type=\"application\/ld+json\" class=\"yoast-schema-graph\">{\"@context\":\"https:\/\/schema.org\",\"@graph\":[{\"@type\":\"WebPage\",\"@id\":\"https:\/\/alpakids.com\/et\/alpa-kidsi-ostu-muugitingimused-haridusasutustele\/\",\"url\":\"https:\/\/alpakids.com\/et\/alpa-kidsi-ostu-muugitingimused-haridusasutustele\/\",\"name\":\"ALPA Kidsi ostu-m\u00fc\u00fcgitingimused haridusasutustele - ALPA Kids\",\"isPartOf\":{\"@id\":\"https:\/\/alpakids.com\/lt\/#website\"},\"datePublished\":\"2023-04-17T10:50:03+00:00\",\"description\":\"ALPA Kids\",\"breadcrumb\":{\"@id\":\"https:\/\/alpakids.com\/et\/alpa-kidsi-ostu-muugitingimused-haridusasutustele\/#breadcrumb\"},\"inLanguage\":\"et\",\"potentialAction\":[{\"@type\":\"ReadAction\",\"target\":[\"https:\/\/alpakids.com\/et\/alpa-kidsi-ostu-muugitingimused-haridusasutustele\/\"]}]},{\"@type\":\"BreadcrumbList\",\"@id\":\"https:\/\/alpakids.com\/et\/alpa-kidsi-ostu-muugitingimused-haridusasutustele\/#breadcrumb\",\"itemListElement\":[{\"@type\":\"ListItem\",\"position\":1,\"name\":\"Home\",\"item\":\"https:\/\/alpakids.com\/et\/\"},{\"@type\":\"ListItem\",\"position\":2,\"name\":\"ALPA Kidsi ostu-m\u00fc\u00fcgitingimused haridusasutustele\"}]},{\"@type\":\"WebSite\",\"@id\":\"https:\/\/alpakids.com\/lt\/#website\",\"url\":\"https:\/\/alpakids.com\/lt\/\",\"name\":\"ALPA Kids\",\"description\":\"Educational games for children\",\"publisher\":{\"@id\":\"https:\/\/alpakids.com\/lt\/#organization\"},\"potentialAction\":[{\"@type\":\"SearchAction\",\"target\":{\"@type\":\"EntryPoint\",\"urlTemplate\":\"https:\/\/alpakids.com\/lt\/?s={search_term_string}\"},\"query-input\":{\"@type\":\"PropertyValueSpecification\",\"valueRequired\":true,\"valueName\":\"search_term_string\"}}],\"inLanguage\":\"et\"},{\"@type\":\"Organization\",\"@id\":\"https:\/\/alpakids.com\/lt\/#organization\",\"name\":\"ALPA Kids\",\"url\":\"https:\/\/alpakids.com\/lt\/\",\"logo\":{\"@type\":\"ImageObject\",\"inLanguage\":\"et\",\"@id\":\"https:\/\/alpakids.com\/lt\/#\/schema\/logo\/image\/\",\"url\":\"https:\/\/alpakids.com\/wp-content\/uploads\/2024\/03\/alpa-kids_logo_2019_2-2.png\",\"contentUrl\":\"https:\/\/alpakids.com\/wp-content\/uploads\/2024\/03\/alpa-kids_logo_2019_2-2.png\",\"width\":690,\"height\":354,\"caption\":\"ALPA Kids\"},\"image\":{\"@id\":\"https:\/\/alpakids.com\/lt\/#\/schema\/logo\/image\/\"},\"sameAs\":[\"https:\/\/www.linkedin.com\/company\/19111076\/\"]}]}<\/script>\n<!-- \/ Yoast SEO plugin. -->","yoast_head_json":{"title":"ALPA Kidsi ostu-m\u00fc\u00fcgitingimused haridusasutustele - ALPA Kids","description":"ALPA Kids","robots":{"index":"index","follow":"follow","max-snippet":"max-snippet:-1","max-image-preview":"max-image-preview:large","max-video-preview":"max-video-preview:-1"},"canonical":"https:\/\/alpakids.com\/et\/alpa-kidsi-ostu-muugitingimused-haridusasutustele\/","og_locale":"et_EE","og_type":"article","og_title":"ALPA Kidsi ostu-m\u00fc\u00fcgitingimused haridusasutustele - ALPA Kids","og_description":"ALPA Kids","og_url":"https:\/\/alpakids.com\/et\/alpa-kidsi-ostu-muugitingimused-haridusasutustele\/","og_site_name":"ALPA Kids","og_image":[{"width":1200,"height":675,"url":"https:\/\/alpakids.com\/wp-content\/uploads\/2024\/03\/alpa-kids_googleplay-dev-header_1200x675.png","type":"image\/png"}],"twitter_card":"summary_large_image","twitter_misc":{"Est. reading time":"3 minutit"},"schema":{"@context":"https:\/\/schema.org","@graph":[{"@type":"WebPage","@id":"https:\/\/alpakids.com\/et\/alpa-kidsi-ostu-muugitingimused-haridusasutustele\/","url":"https:\/\/alpakids.com\/et\/alpa-kidsi-ostu-muugitingimused-haridusasutustele\/","name":"ALPA Kidsi ostu-m\u00fc\u00fcgitingimused haridusasutustele - ALPA Kids","isPartOf":{"@id":"https:\/\/alpakids.com\/lt\/#website"},"datePublished":"2023-04-17T10:50:03+00:00","description":"ALPA Kids","breadcrumb":{"@id":"https:\/\/alpakids.com\/et\/alpa-kidsi-ostu-muugitingimused-haridusasutustele\/#breadcrumb"},"inLanguage":"et","potentialAction":[{"@type":"ReadAction","target":["https:\/\/alpakids.com\/et\/alpa-kidsi-ostu-muugitingimused-haridusasutustele\/"]}]},{"@type":"BreadcrumbList","@id":"https:\/\/alpakids.com\/et\/alpa-kidsi-ostu-muugitingimused-haridusasutustele\/#breadcrumb","itemListElement":[{"@type":"ListItem","position":1,"name":"Home","item":"https:\/\/alpakids.com\/et\/"},{"@type":"ListItem","position":2,"name":"ALPA Kidsi ostu-m\u00fc\u00fcgitingimused haridusasutustele"}]},{"@type":"WebSite","@id":"https:\/\/alpakids.com\/lt\/#website","url":"https:\/\/alpakids.com\/lt\/","name":"ALPA Kids","description":"Educational games for children","publisher":{"@id":"https:\/\/alpakids.com\/lt\/#organization"},"potentialAction":[{"@type":"SearchAction","target":{"@type":"EntryPoint","urlTemplate":"https:\/\/alpakids.com\/lt\/?s={search_term_string}"},"query-input":{"@type":"PropertyValueSpecification","valueRequired":true,"valueName":"search_term_string"}}],"inLanguage":"et"},{"@type":"Organization","@id":"https:\/\/alpakids.com\/lt\/#organization","name":"ALPA Kids","url":"https:\/\/alpakids.com\/lt\/","logo":{"@type":"ImageObject","inLanguage":"et","@id":"https:\/\/alpakids.com\/lt\/#\/schema\/logo\/image\/","url":"https:\/\/alpakids.com\/wp-content\/uploads\/2024\/03\/alpa-kids_logo_2019_2-2.png","contentUrl":"https:\/\/alpakids.com\/wp-content\/uploads\/2024\/03\/alpa-kids_logo_2019_2-2.png","width":690,"height":354,"caption":"ALPA Kids"},"image":{"@id":"https:\/\/alpakids.com\/lt\/#\/schema\/logo\/image\/"},"sameAs":["https:\/\/www.linkedin.com\/company\/19111076\/"]}]}},"_links":{"self":[{"href":"https:\/\/alpakids.com\/et\/wp-json\/wp\/v2\/pages\/11369","targetHints":{"allow":["GET"]}}],"collection":[{"href":"https:\/\/alpakids.com\/et\/wp-json\/wp\/v2\/pages"}],"about":[{"href":"https:\/\/alpakids.com\/et\/wp-json\/wp\/v2\/types\/page"}],"author":[{"embeddable":true,"href":"https:\/\/alpakids.com\/et\/wp-json\/wp\/v2\/users\/1"}],"replies":[{"embeddable":true,"href":"https:\/\/alpakids.com\/et\/wp-json\/wp\/v2\/comments?post=11369"}],"version-history":[{"count":2,"href":"https:\/\/alpakids.com\/et\/wp-json\/wp\/v2\/pages\/11369\/revisions"}],"predecessor-version":[{"id":11371,"href":"https:\/\/alpakids.com\/et\/wp-json\/wp\/v2\/pages\/11369\/revisions\/11371"}],"wp:attachment":[{"href":"https:\/\/alpakids.com\/et\/wp-json\/wp\/v2\/media?parent=11369"}],"curies":[{"name":"wp","href":"https:\/\/api.w.org\/{rel}","templated":true}]}}