{"id":11715,"date":"2023-04-26T10:10:09","date_gmt":"2023-04-26T10:10:09","guid":{"rendered":"https:\/\/alpakids.com\/?page_id=11715"},"modified":"2023-04-26T10:22:29","modified_gmt":"2023-04-26T10:22:29","slug":"veebiseminar","status":"publish","type":"page","link":"https:\/\/alpakids.com\/et\/veebiseminar\/","title":{"rendered":"ALPA tasuta veebiseminar &#8220;Digim\u00e4ng ja keele\u00f5pe&#8221;"},"content":{"rendered":"<div class=\"wpb-content-wrapper\"><p>[vc_row kd_background_image_position=&#8221;vc_row-bg-position-top&#8221;][vc_column][\/vc_column][\/vc_row][vc_row kd_background_image_position=&#8221;vc_row-bg-position-top&#8221;][vc_column][vc_empty_space height=&#8221;60px&#8221;][\/vc_column][\/vc_row][vc_row kd_background_image_position=&#8221;vc_row-bg-position-top&#8221;][vc_column][vc_column_text]<\/p>\n<p style=\"text-align: left;\">29. augustil toimus ALPA tasuta veebiseminar. Tutvustasime enda ALPA tegemisi<img decoding=\"async\" class=\"alignright wp-image-11724 size-medium\" src=\"https:\/\/alpakids.com\/wp-content\/uploads\/2023\/04\/alpa-kids_logo_2019_2-1-300x154.png\" alt=\"\" width=\"300\" height=\"154\" srcset=\"https:\/\/alpakids.com\/wp-content\/uploads\/2023\/04\/alpa-kids_logo_2019_2-1-300x154.png 300w, https:\/\/alpakids.com\/wp-content\/uploads\/2023\/04\/alpa-kids_logo_2019_2-1.png 690w\" sizes=\"(max-width: 300px) 100vw, 300px\" \/> ning TL\u00dc lektorid r\u00e4\u00e4kisid digim\u00e4ngu olemusest ja sellest, kuidas neid kasutada \u00f5ppet\u00f6\u00f6s. Arutlesime ka keele\u00f5ppe teemal ja t\u00f5ime n\u00e4iteid, mis m\u00e4ngude abil muukeelsetele lastele eesti keelt \u00f5petada.<\/p>\n<p style=\"text-align: left;\">T\u00e4name<strong> <a href=\"https:\/\/heategu.ee\/uudised\/heateo-haridusfond-toetab-100-000-euroga-ukraina-koolilaste-kohanemist-eestis\">Heateo Haridusfondi<\/a><\/strong>, mis toetab algatusi, mis aitavad Ukraina lastel haridusteed j\u00e4tkata ning paremini Eesti hariduss\u00fcsteemi sulanduda. \u00dcheks toetatud algatuseks on ALPA m\u00e4ngude tasuta kasutuselev\u00f5tt Ukrainast saabunud lastele eesti keele \u00f5petamiseks. 100 Eesti haridusasutust, kes on v\u00f5tnud vastu Ukraina p\u00f5genikke, said endale tasuta ALPA aastalitsentsid.<\/p>\n<p style=\"text-align: left;\">Seminar on j\u00e4relvaadatav siin:<img decoding=\"async\" class=\"alignright wp-image-11717 size-medium\" src=\"https:\/\/alpakids.com\/wp-content\/uploads\/2023\/04\/HEATEO_HARIDUSFOND_horisontaal_must-300x118.png\" alt=\"\" width=\"300\" height=\"118\" srcset=\"https:\/\/alpakids.com\/wp-content\/uploads\/2023\/04\/HEATEO_HARIDUSFOND_horisontaal_must-300x118.png 300w, https:\/\/alpakids.com\/wp-content\/uploads\/2023\/04\/HEATEO_HARIDUSFOND_horisontaal_must-1024x402.png 1024w, https:\/\/alpakids.com\/wp-content\/uploads\/2023\/04\/HEATEO_HARIDUSFOND_horisontaal_must-768x302.png 768w, https:\/\/alpakids.com\/wp-content\/uploads\/2023\/04\/HEATEO_HARIDUSFOND_horisontaal_must.png 1125w\" sizes=\"(max-width: 300px) 100vw, 300px\" \/><\/p>\n<p>[\/vc_column_text][\/vc_column][\/vc_row][vc_row kd_background_image_position=&#8221;vc_row-bg-position-top&#8221;][vc_column][\/vc_column][\/vc_row][vc_row kd_background_image_position=&#8221;vc_row-bg-position-top&#8221;][vc_column][vc_video link=&#8221;https:\/\/www.youtube.com\/watch?v=SltMMh_Jp4I&#8221; css_animation=&#8221;fadeIn&#8221;][\/vc_column][\/vc_row][vc_row kd_background_image_position=&#8221;vc_row-bg-position-top&#8221;][vc_column][vc_empty_space height=&#8221;60px&#8221;][vc_column_text]<\/p>\n<h2>KAVA<\/h2>\n<p>13.30-13.50 ALPA tutvustus: Kelly Lilles (ALPA Kidsi kaasasutaja ja tegevjuht) <a href=\"https:\/\/alpa.ee\/wp-content\/uploads\/2022\/08\/ALPA-Kids_Kelly-Lilles.pdf\">SLAIDID<\/a><\/p>\n<p>13.50-14.15 Digim\u00e4ng ja selle kasutamine \u00f5ppet\u00f6\u00f6s: Elyna Heinm\u00e4e, PhD (TL\u00dc haridustehnoloogia lektor; Sutlema-Aespa ja Prillim\u00e4e lasteaia haridustehnoloog) <a href=\"https:\/\/alpa.ee\/wp-content\/uploads\/2022\/08\/DIGIMANG-Elyna-Heinmae.pdf\">SLAIDID<\/a><\/p>\n<p>14.15-14.40 Digim\u00e4ng keele\u00f5ppe toetajana: Kerstin K\u00f6\u00f6p, MA (TL\u00dc alushariduse nooremlektor) <a href=\"https:\/\/alpa.ee\/wp-content\/uploads\/2022\/08\/Digimang-keeleoppe-toetajana-Kerstin-Koop.pdf\">SLAIDID<\/a><\/p>\n<p>14.40-&#8230; K\u00fcsimused ja kokkuv\u00f5te[\/vc_column_text][\/vc_column][\/vc_row][vc_row kd_background_image_position=&#8221;vc_row-bg-position-top&#8221;][vc_column][\/vc_column][\/vc_row]<\/p>\n<\/div>","protected":false},"excerpt":{"rendered":"<p>[vc_row kd_background_image_position=&#8221;vc_row-bg-position-top&#8221;][vc_column][\/vc_column][\/vc_row][vc_row kd_background_image_position=&#8221;vc_row-bg-position-top&#8221;][vc_column][vc_empty_space height=&#8221;60px&#8221;][\/vc_column][\/vc_row][vc_row kd_background_image_position=&#8221;vc_row-bg-position-top&#8221;][vc_column][vc_column_text] 29. augustil toimus ALPA tasuta veebiseminar. Tutvustasime enda ALPA tegemisi ning TL\u00dc lektorid r\u00e4\u00e4kisid digim\u00e4ngu [&hellip;]<\/p>\n","protected":false},"author":1,"featured_media":0,"parent":0,"menu_order":0,"comment_status":"closed","ping_status":"open","template":"","meta":{"footnotes":""},"class_list":["post-11715","page","type-page","status-publish","hentry"],"yoast_head":"<!-- This site is optimized with the Yoast SEO plugin v26.8 - https:\/\/yoast.com\/product\/yoast-seo-wordpress\/ -->\n<title>ALPA tasuta veebiseminar &quot;Digim\u00e4ng ja keele\u00f5pe&quot; - ALPA Kids<\/title>\n<meta name=\"description\" content=\"ALPA Kids\" \/>\n<meta name=\"robots\" content=\"index, follow, max-snippet:-1, max-image-preview:large, max-video-preview:-1\" \/>\n<link rel=\"canonical\" href=\"https:\/\/alpakids.com\/et\/veebiseminar\/\" \/>\n<meta property=\"og:locale\" content=\"et_EE\" \/>\n<meta property=\"og:type\" content=\"article\" \/>\n<meta property=\"og:title\" content=\"ALPA tasuta veebiseminar &quot;Digim\u00e4ng ja keele\u00f5pe&quot; - ALPA Kids\" \/>\n<meta property=\"og:description\" content=\"ALPA Kids\" \/>\n<meta property=\"og:url\" content=\"https:\/\/alpakids.com\/et\/veebiseminar\/\" \/>\n<meta property=\"og:site_name\" content=\"ALPA Kids\" \/>\n<meta property=\"article:modified_time\" content=\"2023-04-26T10:22:29+00:00\" \/>\n<meta property=\"og:image\" content=\"https:\/\/alpakids.com\/wp-content\/uploads\/2023\/04\/alpa-kids_logo_2019_2-1-300x154.png\" \/>\n<meta name=\"twitter:card\" content=\"summary_large_image\" \/>\n<meta name=\"twitter:label1\" content=\"Est. reading time\" \/>\n\t<meta name=\"twitter:data1\" content=\"1 minut\" \/>\n<script type=\"application\/ld+json\" class=\"yoast-schema-graph\">{\"@context\":\"https:\/\/schema.org\",\"@graph\":[{\"@type\":\"WebPage\",\"@id\":\"https:\/\/alpakids.com\/et\/veebiseminar\/\",\"url\":\"https:\/\/alpakids.com\/et\/veebiseminar\/\",\"name\":\"ALPA tasuta veebiseminar \\\"Digim\u00e4ng ja keele\u00f5pe\\\" - ALPA Kids\",\"isPartOf\":{\"@id\":\"https:\/\/alpakids.com\/lt\/#website\"},\"primaryImageOfPage\":{\"@id\":\"https:\/\/alpakids.com\/et\/veebiseminar\/#primaryimage\"},\"image\":{\"@id\":\"https:\/\/alpakids.com\/et\/veebiseminar\/#primaryimage\"},\"thumbnailUrl\":\"https:\/\/alpakids.com\/wp-content\/uploads\/2023\/04\/alpa-kids_logo_2019_2-1-300x154.png\",\"datePublished\":\"2023-04-26T10:10:09+00:00\",\"dateModified\":\"2023-04-26T10:22:29+00:00\",\"description\":\"ALPA Kids\",\"breadcrumb\":{\"@id\":\"https:\/\/alpakids.com\/et\/veebiseminar\/#breadcrumb\"},\"inLanguage\":\"et\",\"potentialAction\":[{\"@type\":\"ReadAction\",\"target\":[\"https:\/\/alpakids.com\/et\/veebiseminar\/\"]}]},{\"@type\":\"ImageObject\",\"inLanguage\":\"et\",\"@id\":\"https:\/\/alpakids.com\/et\/veebiseminar\/#primaryimage\",\"url\":\"https:\/\/alpakids.com\/wp-content\/uploads\/2023\/04\/alpa-kids_logo_2019_2-1-300x154.png\",\"contentUrl\":\"https:\/\/alpakids.com\/wp-content\/uploads\/2023\/04\/alpa-kids_logo_2019_2-1-300x154.png\"},{\"@type\":\"BreadcrumbList\",\"@id\":\"https:\/\/alpakids.com\/et\/veebiseminar\/#breadcrumb\",\"itemListElement\":[{\"@type\":\"ListItem\",\"position\":1,\"name\":\"Home\",\"item\":\"https:\/\/alpakids.com\/et\/\"},{\"@type\":\"ListItem\",\"position\":2,\"name\":\"ALPA tasuta veebiseminar &#8220;Digim\u00e4ng ja keele\u00f5pe&#8221;\"}]},{\"@type\":\"WebSite\",\"@id\":\"https:\/\/alpakids.com\/lt\/#website\",\"url\":\"https:\/\/alpakids.com\/lt\/\",\"name\":\"ALPA Kids\",\"description\":\"Educational games for children\",\"publisher\":{\"@id\":\"https:\/\/alpakids.com\/lt\/#organization\"},\"potentialAction\":[{\"@type\":\"SearchAction\",\"target\":{\"@type\":\"EntryPoint\",\"urlTemplate\":\"https:\/\/alpakids.com\/lt\/?s={search_term_string}\"},\"query-input\":{\"@type\":\"PropertyValueSpecification\",\"valueRequired\":true,\"valueName\":\"search_term_string\"}}],\"inLanguage\":\"et\"},{\"@type\":\"Organization\",\"@id\":\"https:\/\/alpakids.com\/lt\/#organization\",\"name\":\"ALPA Kids\",\"url\":\"https:\/\/alpakids.com\/lt\/\",\"logo\":{\"@type\":\"ImageObject\",\"inLanguage\":\"et\",\"@id\":\"https:\/\/alpakids.com\/lt\/#\/schema\/logo\/image\/\",\"url\":\"https:\/\/alpakids.com\/wp-content\/uploads\/2024\/03\/alpa-kids_logo_2019_2-2.png\",\"contentUrl\":\"https:\/\/alpakids.com\/wp-content\/uploads\/2024\/03\/alpa-kids_logo_2019_2-2.png\",\"width\":690,\"height\":354,\"caption\":\"ALPA Kids\"},\"image\":{\"@id\":\"https:\/\/alpakids.com\/lt\/#\/schema\/logo\/image\/\"},\"sameAs\":[\"https:\/\/www.linkedin.com\/company\/19111076\/\"]}]}<\/script>\n<!-- \/ Yoast SEO plugin. -->","yoast_head_json":{"title":"ALPA tasuta veebiseminar \"Digim\u00e4ng ja keele\u00f5pe\" - ALPA Kids","description":"ALPA Kids","robots":{"index":"index","follow":"follow","max-snippet":"max-snippet:-1","max-image-preview":"max-image-preview:large","max-video-preview":"max-video-preview:-1"},"canonical":"https:\/\/alpakids.com\/et\/veebiseminar\/","og_locale":"et_EE","og_type":"article","og_title":"ALPA tasuta veebiseminar \"Digim\u00e4ng ja keele\u00f5pe\" - ALPA Kids","og_description":"ALPA Kids","og_url":"https:\/\/alpakids.com\/et\/veebiseminar\/","og_site_name":"ALPA Kids","article_modified_time":"2023-04-26T10:22:29+00:00","og_image":[{"url":"https:\/\/alpakids.com\/wp-content\/uploads\/2023\/04\/alpa-kids_logo_2019_2-1-300x154.png","type":"","width":"","height":""}],"twitter_card":"summary_large_image","twitter_misc":{"Est. reading time":"1 minut"},"schema":{"@context":"https:\/\/schema.org","@graph":[{"@type":"WebPage","@id":"https:\/\/alpakids.com\/et\/veebiseminar\/","url":"https:\/\/alpakids.com\/et\/veebiseminar\/","name":"ALPA tasuta veebiseminar \"Digim\u00e4ng ja keele\u00f5pe\" - ALPA Kids","isPartOf":{"@id":"https:\/\/alpakids.com\/lt\/#website"},"primaryImageOfPage":{"@id":"https:\/\/alpakids.com\/et\/veebiseminar\/#primaryimage"},"image":{"@id":"https:\/\/alpakids.com\/et\/veebiseminar\/#primaryimage"},"thumbnailUrl":"https:\/\/alpakids.com\/wp-content\/uploads\/2023\/04\/alpa-kids_logo_2019_2-1-300x154.png","datePublished":"2023-04-26T10:10:09+00:00","dateModified":"2023-04-26T10:22:29+00:00","description":"ALPA Kids","breadcrumb":{"@id":"https:\/\/alpakids.com\/et\/veebiseminar\/#breadcrumb"},"inLanguage":"et","potentialAction":[{"@type":"ReadAction","target":["https:\/\/alpakids.com\/et\/veebiseminar\/"]}]},{"@type":"ImageObject","inLanguage":"et","@id":"https:\/\/alpakids.com\/et\/veebiseminar\/#primaryimage","url":"https:\/\/alpakids.com\/wp-content\/uploads\/2023\/04\/alpa-kids_logo_2019_2-1-300x154.png","contentUrl":"https:\/\/alpakids.com\/wp-content\/uploads\/2023\/04\/alpa-kids_logo_2019_2-1-300x154.png"},{"@type":"BreadcrumbList","@id":"https:\/\/alpakids.com\/et\/veebiseminar\/#breadcrumb","itemListElement":[{"@type":"ListItem","position":1,"name":"Home","item":"https:\/\/alpakids.com\/et\/"},{"@type":"ListItem","position":2,"name":"ALPA tasuta veebiseminar &#8220;Digim\u00e4ng ja keele\u00f5pe&#8221;"}]},{"@type":"WebSite","@id":"https:\/\/alpakids.com\/lt\/#website","url":"https:\/\/alpakids.com\/lt\/","name":"ALPA Kids","description":"Educational games for children","publisher":{"@id":"https:\/\/alpakids.com\/lt\/#organization"},"potentialAction":[{"@type":"SearchAction","target":{"@type":"EntryPoint","urlTemplate":"https:\/\/alpakids.com\/lt\/?s={search_term_string}"},"query-input":{"@type":"PropertyValueSpecification","valueRequired":true,"valueName":"search_term_string"}}],"inLanguage":"et"},{"@type":"Organization","@id":"https:\/\/alpakids.com\/lt\/#organization","name":"ALPA Kids","url":"https:\/\/alpakids.com\/lt\/","logo":{"@type":"ImageObject","inLanguage":"et","@id":"https:\/\/alpakids.com\/lt\/#\/schema\/logo\/image\/","url":"https:\/\/alpakids.com\/wp-content\/uploads\/2024\/03\/alpa-kids_logo_2019_2-2.png","contentUrl":"https:\/\/alpakids.com\/wp-content\/uploads\/2024\/03\/alpa-kids_logo_2019_2-2.png","width":690,"height":354,"caption":"ALPA Kids"},"image":{"@id":"https:\/\/alpakids.com\/lt\/#\/schema\/logo\/image\/"},"sameAs":["https:\/\/www.linkedin.com\/company\/19111076\/"]}]}},"_links":{"self":[{"href":"https:\/\/alpakids.com\/et\/wp-json\/wp\/v2\/pages\/11715","targetHints":{"allow":["GET"]}}],"collection":[{"href":"https:\/\/alpakids.com\/et\/wp-json\/wp\/v2\/pages"}],"about":[{"href":"https:\/\/alpakids.com\/et\/wp-json\/wp\/v2\/types\/page"}],"author":[{"embeddable":true,"href":"https:\/\/alpakids.com\/et\/wp-json\/wp\/v2\/users\/1"}],"replies":[{"embeddable":true,"href":"https:\/\/alpakids.com\/et\/wp-json\/wp\/v2\/comments?post=11715"}],"version-history":[{"count":5,"href":"https:\/\/alpakids.com\/et\/wp-json\/wp\/v2\/pages\/11715\/revisions"}],"predecessor-version":[{"id":11734,"href":"https:\/\/alpakids.com\/et\/wp-json\/wp\/v2\/pages\/11715\/revisions\/11734"}],"wp:attachment":[{"href":"https:\/\/alpakids.com\/et\/wp-json\/wp\/v2\/media?parent=11715"}],"curies":[{"name":"wp","href":"https:\/\/api.w.org\/{rel}","templated":true}]}}