{"id":12876,"date":"2023-10-26T07:03:24","date_gmt":"2023-10-26T07:03:24","guid":{"rendered":"https:\/\/alpakids.com\/print\/"},"modified":"2026-03-09T12:52:39","modified_gmt":"2026-03-09T12:52:39","slug":"print","status":"publish","type":"page","link":"https:\/\/alpakids.com\/lt\/print\/","title":{"rendered":"Darbalapiai"},"content":{"rendered":"<div class=\"wpb-content-wrapper\"><p>[vc_row kd_background_image_position=&#8221;vc_row-bg-position-top&#8221;][vc_column][vc_column_text css=&#8221;.vc_custom_1702849941508{margin-top: 200px !important;}&#8221;]<\/p>\n<h1 style=\"text-align: center;\">DARBALAPIAI<\/h1>\n<p>&nbsp;<\/p>\n<p>[\/vc_column_text][vc_column_text css=&#8221;&#8221;]<span style=\"color: #808080;\">INTELEKTIN\u0116 NUOSAVYB\u0116 IR AUTORI\u0172 TEIS\u0116S<\/span><br \/>\n<span style=\"color: #808080;\"> Visi skaitmeniniai produktai, esantys m\u016bs\u0173 elektronin\u0117je parduotuv\u0117je, yra saugomi intelektin\u0117s nuosavyb\u0117s teisi\u0173, o j\u0173 autori\u0173 teis\u0117s priklauso mums (\u201eALPA Kids O\u00dc\u201c). Jei \u012fsigyjate m\u016bs\u0173 skaitmeninius produktus, jums nesuteikiamos jokios autori\u0173 teis\u0117s ar intelektin\u0117s nuosavyb\u0117s teis\u0117s \u012f \u0161iuos produktus. Negalite keisti, pritaikyti ar redaguoti skaitmenini\u0173 produkt\u0173 taip, kad juos b\u016bt\u0173 galima publikuoti arba bendrinti su tre\u010diosiomis \u0161alimis. J\u016bs turite teis\u0119 naudoti skaitmeninius produktus tik asmeniniais tikslais. <\/span><br \/>\n<span style=\"color: #808080;\">Jei turite klausim\u0173, ra\u0161ykite <a href=\"mailto:lietuva@alpakids.com\">lietuva@alpakids.com<\/a> el. pa\u0161tu.<\/span><\/p>\n<hr \/>\n<h6><strong>Kovas 2026<\/strong><\/h6>\n<h6><strong><a href=\"https:\/\/alpakids.com\/wp-content\/uploads\/2026\/03\/alpa_printables_03-2026_LT.pdf\" target=\"_blank\" rel=\"noopener\"><img fetchpriority=\"high\" decoding=\"async\" class=\"alignnone wp-image-17716 size-medium\" src=\"https:\/\/alpakids.com\/wp-content\/uploads\/2026\/03\/alpa_printables_03-2026-212x300.jpg\" alt=\"\" width=\"212\" height=\"300\" srcset=\"https:\/\/alpakids.com\/wp-content\/uploads\/2026\/03\/alpa_printables_03-2026-212x300.jpg 212w, https:\/\/alpakids.com\/wp-content\/uploads\/2026\/03\/alpa_printables_03-2026-141x200.jpg 141w, https:\/\/alpakids.com\/wp-content\/uploads\/2026\/03\/alpa_printables_03-2026.jpg 303w\" sizes=\"(max-width: 212px) 100vw, 212px\" \/><\/a><\/strong><\/h6>\n<h6><strong>Vasaris 2026<\/strong><\/h6>\n<h6><strong><a href=\"https:\/\/alpakids.com\/wp-content\/uploads\/2026\/02\/alpa_printables_02-2026_lt.pdf\" target=\"_blank\" rel=\"noopener\"><img decoding=\"async\" class=\"alignnone wp-image-17510 size-medium\" src=\"https:\/\/alpakids.com\/wp-content\/uploads\/2026\/02\/alpa_printables_02-2026-212x300.jpg\" alt=\"\" width=\"212\" height=\"300\" srcset=\"https:\/\/alpakids.com\/wp-content\/uploads\/2026\/02\/alpa_printables_02-2026-212x300.jpg 212w, https:\/\/alpakids.com\/wp-content\/uploads\/2026\/02\/alpa_printables_02-2026-141x200.jpg 141w, https:\/\/alpakids.com\/wp-content\/uploads\/2026\/02\/alpa_printables_02-2026.jpg 303w\" sizes=\"(max-width: 212px) 100vw, 212px\" \/><\/a><\/strong><\/h6>\n<h6><\/h6>\n<h6><\/h6>\n<h6><\/h6>\n<h6><\/h6>\n<h6><\/h6>\n<p>[\/vc_column_text][\/vc_column][\/vc_row]<\/p>\n<\/div>","protected":false},"excerpt":{"rendered":"<p>[vc_row kd_background_image_position=&#8221;vc_row-bg-position-top&#8221;][vc_column][vc_column_text css=&#8221;.vc_custom_1702849941508{margin-top: 200px !important;}&#8221;] DARBALAPIAI &nbsp; [\/vc_column_text][vc_column_text css=&#8221;&#8221;]INTELEKTIN\u0116 NUOSAVYB\u0116 IR AUTORI\u0172 TEIS\u0116S Visi skaitmeniniai produktai, esantys m\u016bs\u0173 elektronin\u0117je parduotuv\u0117je, [&hellip;]<\/p>\n","protected":false},"author":1,"featured_media":0,"parent":0,"menu_order":0,"comment_status":"closed","ping_status":"open","template":"","meta":{"footnotes":""},"class_list":["post-12876","page","type-page","status-publish","hentry"],"yoast_head":"<!-- This site is optimized with the Yoast SEO plugin v26.8 - https:\/\/yoast.com\/product\/yoast-seo-wordpress\/ -->\n<title>Darbalapiai - ALPA Kids<\/title>\n<meta name=\"description\" content=\"ALPA Kids\" \/>\n<meta name=\"robots\" content=\"index, follow, max-snippet:-1, max-image-preview:large, max-video-preview:-1\" \/>\n<link rel=\"canonical\" href=\"https:\/\/alpakids.com\/lt\/print\/\" \/>\n<meta property=\"og:locale\" content=\"lt_LT\" \/>\n<meta property=\"og:type\" content=\"article\" \/>\n<meta property=\"og:title\" content=\"Darbalapiai - ALPA Kids\" \/>\n<meta property=\"og:description\" content=\"ALPA Kids\" \/>\n<meta property=\"og:url\" content=\"https:\/\/alpakids.com\/lt\/print\/\" \/>\n<meta property=\"og:site_name\" content=\"ALPA Kids\" \/>\n<meta property=\"article:modified_time\" content=\"2026-03-09T12:52:39+00:00\" \/>\n<meta property=\"og:image\" content=\"https:\/\/alpakids.com\/wp-content\/uploads\/2026\/03\/alpa_printables_03-2026.jpg\" \/>\n\t<meta property=\"og:image:width\" content=\"303\" \/>\n\t<meta property=\"og:image:height\" content=\"429\" \/>\n\t<meta property=\"og:image:type\" content=\"image\/jpeg\" \/>\n<meta name=\"twitter:card\" content=\"summary_large_image\" \/>\n<meta name=\"twitter:label1\" content=\"Est. reading time\" \/>\n\t<meta name=\"twitter:data1\" content=\"1 minut\u0117\" \/>\n<script type=\"application\/ld+json\" class=\"yoast-schema-graph\">{\"@context\":\"https:\/\/schema.org\",\"@graph\":[{\"@type\":\"WebPage\",\"@id\":\"https:\/\/alpakids.com\/lt\/print\/\",\"url\":\"https:\/\/alpakids.com\/lt\/print\/\",\"name\":\"Darbalapiai - ALPA Kids\",\"isPartOf\":{\"@id\":\"https:\/\/alpakids.com\/lt\/#website\"},\"primaryImageOfPage\":{\"@id\":\"https:\/\/alpakids.com\/lt\/print\/#primaryimage\"},\"image\":{\"@id\":\"https:\/\/alpakids.com\/lt\/print\/#primaryimage\"},\"thumbnailUrl\":\"https:\/\/alpakids.com\/wp-content\/uploads\/2026\/03\/alpa_printables_03-2026-212x300.jpg\",\"datePublished\":\"2023-10-26T07:03:24+00:00\",\"dateModified\":\"2026-03-09T12:52:39+00:00\",\"description\":\"ALPA Kids\",\"breadcrumb\":{\"@id\":\"https:\/\/alpakids.com\/lt\/print\/#breadcrumb\"},\"inLanguage\":\"lt-LT\",\"potentialAction\":[{\"@type\":\"ReadAction\",\"target\":[\"https:\/\/alpakids.com\/lt\/print\/\"]}]},{\"@type\":\"ImageObject\",\"inLanguage\":\"lt-LT\",\"@id\":\"https:\/\/alpakids.com\/lt\/print\/#primaryimage\",\"url\":\"https:\/\/alpakids.com\/wp-content\/uploads\/2026\/03\/alpa_printables_03-2026-212x300.jpg\",\"contentUrl\":\"https:\/\/alpakids.com\/wp-content\/uploads\/2026\/03\/alpa_printables_03-2026-212x300.jpg\"},{\"@type\":\"BreadcrumbList\",\"@id\":\"https:\/\/alpakids.com\/lt\/print\/#breadcrumb\",\"itemListElement\":[{\"@type\":\"ListItem\",\"position\":1,\"name\":\"Home\",\"item\":\"https:\/\/alpakids.com\/lt\/\"},{\"@type\":\"ListItem\",\"position\":2,\"name\":\"Darbalapiai\"}]},{\"@type\":\"WebSite\",\"@id\":\"https:\/\/alpakids.com\/lt\/#website\",\"url\":\"https:\/\/alpakids.com\/lt\/\",\"name\":\"ALPA Kids\",\"description\":\"Educational games for children\",\"publisher\":{\"@id\":\"https:\/\/alpakids.com\/lt\/#organization\"},\"potentialAction\":[{\"@type\":\"SearchAction\",\"target\":{\"@type\":\"EntryPoint\",\"urlTemplate\":\"https:\/\/alpakids.com\/lt\/?s={search_term_string}\"},\"query-input\":{\"@type\":\"PropertyValueSpecification\",\"valueRequired\":true,\"valueName\":\"search_term_string\"}}],\"inLanguage\":\"lt-LT\"},{\"@type\":\"Organization\",\"@id\":\"https:\/\/alpakids.com\/lt\/#organization\",\"name\":\"ALPA Kids\",\"url\":\"https:\/\/alpakids.com\/lt\/\",\"logo\":{\"@type\":\"ImageObject\",\"inLanguage\":\"lt-LT\",\"@id\":\"https:\/\/alpakids.com\/lt\/#\/schema\/logo\/image\/\",\"url\":\"https:\/\/alpakids.com\/wp-content\/uploads\/2024\/03\/alpa-kids_logo_2019_2-2.png\",\"contentUrl\":\"https:\/\/alpakids.com\/wp-content\/uploads\/2024\/03\/alpa-kids_logo_2019_2-2.png\",\"width\":690,\"height\":354,\"caption\":\"ALPA Kids\"},\"image\":{\"@id\":\"https:\/\/alpakids.com\/lt\/#\/schema\/logo\/image\/\"},\"sameAs\":[\"https:\/\/www.linkedin.com\/company\/19111076\/\"]}]}<\/script>\n<!-- \/ Yoast SEO plugin. -->","yoast_head_json":{"title":"Darbalapiai - ALPA Kids","description":"ALPA Kids","robots":{"index":"index","follow":"follow","max-snippet":"max-snippet:-1","max-image-preview":"max-image-preview:large","max-video-preview":"max-video-preview:-1"},"canonical":"https:\/\/alpakids.com\/lt\/print\/","og_locale":"lt_LT","og_type":"article","og_title":"Darbalapiai - ALPA Kids","og_description":"ALPA Kids","og_url":"https:\/\/alpakids.com\/lt\/print\/","og_site_name":"ALPA Kids","article_modified_time":"2026-03-09T12:52:39+00:00","og_image":[{"width":303,"height":429,"url":"https:\/\/alpakids.com\/wp-content\/uploads\/2026\/03\/alpa_printables_03-2026.jpg","type":"image\/jpeg"}],"twitter_card":"summary_large_image","twitter_misc":{"Est. reading time":"1 minut\u0117"},"schema":{"@context":"https:\/\/schema.org","@graph":[{"@type":"WebPage","@id":"https:\/\/alpakids.com\/lt\/print\/","url":"https:\/\/alpakids.com\/lt\/print\/","name":"Darbalapiai - ALPA Kids","isPartOf":{"@id":"https:\/\/alpakids.com\/lt\/#website"},"primaryImageOfPage":{"@id":"https:\/\/alpakids.com\/lt\/print\/#primaryimage"},"image":{"@id":"https:\/\/alpakids.com\/lt\/print\/#primaryimage"},"thumbnailUrl":"https:\/\/alpakids.com\/wp-content\/uploads\/2026\/03\/alpa_printables_03-2026-212x300.jpg","datePublished":"2023-10-26T07:03:24+00:00","dateModified":"2026-03-09T12:52:39+00:00","description":"ALPA Kids","breadcrumb":{"@id":"https:\/\/alpakids.com\/lt\/print\/#breadcrumb"},"inLanguage":"lt-LT","potentialAction":[{"@type":"ReadAction","target":["https:\/\/alpakids.com\/lt\/print\/"]}]},{"@type":"ImageObject","inLanguage":"lt-LT","@id":"https:\/\/alpakids.com\/lt\/print\/#primaryimage","url":"https:\/\/alpakids.com\/wp-content\/uploads\/2026\/03\/alpa_printables_03-2026-212x300.jpg","contentUrl":"https:\/\/alpakids.com\/wp-content\/uploads\/2026\/03\/alpa_printables_03-2026-212x300.jpg"},{"@type":"BreadcrumbList","@id":"https:\/\/alpakids.com\/lt\/print\/#breadcrumb","itemListElement":[{"@type":"ListItem","position":1,"name":"Home","item":"https:\/\/alpakids.com\/lt\/"},{"@type":"ListItem","position":2,"name":"Darbalapiai"}]},{"@type":"WebSite","@id":"https:\/\/alpakids.com\/lt\/#website","url":"https:\/\/alpakids.com\/lt\/","name":"ALPA Kids","description":"Educational games for children","publisher":{"@id":"https:\/\/alpakids.com\/lt\/#organization"},"potentialAction":[{"@type":"SearchAction","target":{"@type":"EntryPoint","urlTemplate":"https:\/\/alpakids.com\/lt\/?s={search_term_string}"},"query-input":{"@type":"PropertyValueSpecification","valueRequired":true,"valueName":"search_term_string"}}],"inLanguage":"lt-LT"},{"@type":"Organization","@id":"https:\/\/alpakids.com\/lt\/#organization","name":"ALPA Kids","url":"https:\/\/alpakids.com\/lt\/","logo":{"@type":"ImageObject","inLanguage":"lt-LT","@id":"https:\/\/alpakids.com\/lt\/#\/schema\/logo\/image\/","url":"https:\/\/alpakids.com\/wp-content\/uploads\/2024\/03\/alpa-kids_logo_2019_2-2.png","contentUrl":"https:\/\/alpakids.com\/wp-content\/uploads\/2024\/03\/alpa-kids_logo_2019_2-2.png","width":690,"height":354,"caption":"ALPA Kids"},"image":{"@id":"https:\/\/alpakids.com\/lt\/#\/schema\/logo\/image\/"},"sameAs":["https:\/\/www.linkedin.com\/company\/19111076\/"]}]}},"_links":{"self":[{"href":"https:\/\/alpakids.com\/lt\/wp-json\/wp\/v2\/pages\/12876","targetHints":{"allow":["GET"]}}],"collection":[{"href":"https:\/\/alpakids.com\/lt\/wp-json\/wp\/v2\/pages"}],"about":[{"href":"https:\/\/alpakids.com\/lt\/wp-json\/wp\/v2\/types\/page"}],"author":[{"embeddable":true,"href":"https:\/\/alpakids.com\/lt\/wp-json\/wp\/v2\/users\/1"}],"replies":[{"embeddable":true,"href":"https:\/\/alpakids.com\/lt\/wp-json\/wp\/v2\/comments?post=12876"}],"version-history":[{"count":5,"href":"https:\/\/alpakids.com\/lt\/wp-json\/wp\/v2\/pages\/12876\/revisions"}],"predecessor-version":[{"id":17816,"href":"https:\/\/alpakids.com\/lt\/wp-json\/wp\/v2\/pages\/12876\/revisions\/17816"}],"wp:attachment":[{"href":"https:\/\/alpakids.com\/lt\/wp-json\/wp\/v2\/media?parent=12876"}],"curies":[{"name":"wp","href":"https:\/\/api.w.org\/{rel}","templated":true}]}}