{"id":12875,"date":"2023-10-26T07:03:24","date_gmt":"2023-10-26T07:03:24","guid":{"rendered":"https:\/\/alpakids.com\/print\/"},"modified":"2026-04-08T07:21:12","modified_gmt":"2026-04-08T07:21:12","slug":"print","status":"publish","type":"page","link":"https:\/\/alpakids.com\/lv\/print\/","title":{"rendered":"DARBA LAPAS"},"content":{"rendered":"<div class=\"wpb-content-wrapper\"><p>[vc_row kd_background_image_position=&#8221;vc_row-bg-position-top&#8221;][vc_column][vc_column_text css=&#8221;.vc_custom_1775632861192{margin-top: 200px !important;}&#8221;]<\/p>\n<h1 style=\"text-align: center;\">DARBA LAPAS<\/h1>\n<p>[\/vc_column_text][vc_column_text css=&#8221;&#8221;]<span style=\"color: #808080;\">INTELEKTU\u0100LAIS \u012aPA\u0160UMS UN AUTORTIES\u012aBAS <\/span><br \/>\n<span style=\"color: #808080;\"> Visi digit\u0101lie produkti, kas pieejami m\u016bsu e-veikal\u0101, ir aizsarg\u0101ti ar intelektu\u0101l\u0101 \u012bpa\u0161uma ties\u012bb\u0101m, un to autorties\u012bbas pieder mums (&#8220;ALPA Kids&#8221; O\u00dc). Ieg\u0101d\u0101joties m\u016bsu digit\u0101los produktus, jums netiek pie\u0161\u0137irtas nek\u0101das autorties\u012bbas vai intelektu\u0101l\u0101 \u012bpa\u0161uma ties\u012bbas uz \u0161iem produktiem. J\u016bs nedr\u012bkstat modific\u0113t, piel\u0101got vai redi\u0123\u0113t digit\u0101los produktus t\u0101d\u0101 veid\u0101, kas padara tos public\u0113jamus vai kop\u012bgojamus ar tre\u0161aj\u0101m pus\u0113m. Jums ir ties\u012bbas izmantot digit\u0101los produktus tikai person\u012bgiem m\u0113r\u0137iem. <\/span><br \/>\n<span style=\"color: #808080;\">Ja jums ir k\u0101di jaut\u0101jumi, l\u016bdzu, rakstiet uz: <a href=\"mailto:latvija@alpakids.com\">latvija@alpakids.com<\/a>.<\/span><\/p>\n<hr \/>\n<h6><strong>Marts 2026<\/strong><\/h6>\n<h6><strong><a href=\"https:\/\/alpakids.com\/wp-content\/uploads\/2026\/03\/alpa_printables_03-2026_LV.pdf\" target=\"_blank\" rel=\"noopener\"><img fetchpriority=\"high\" decoding=\"async\" class=\"alignnone wp-image-17715 size-medium\" src=\"https:\/\/alpakids.com\/wp-content\/uploads\/2026\/03\/alpa_printables_03-2026-212x300.jpg\" alt=\"\" width=\"212\" height=\"300\" srcset=\"https:\/\/alpakids.com\/wp-content\/uploads\/2026\/03\/alpa_printables_03-2026-212x300.jpg 212w, https:\/\/alpakids.com\/wp-content\/uploads\/2026\/03\/alpa_printables_03-2026-141x200.jpg 141w, https:\/\/alpakids.com\/wp-content\/uploads\/2026\/03\/alpa_printables_03-2026.jpg 303w\" sizes=\"(max-width: 212px) 100vw, 212px\" \/><\/a><\/strong><\/h6>\n<h6><strong>Febru\u0101ris 2026<\/strong><\/h6>\n<h6><strong><a href=\"https:\/\/alpakids.com\/wp-content\/uploads\/2026\/02\/alpa_printables_02-2026_lv.pdf\" target=\"_blank\" rel=\"noopener\"><img decoding=\"async\" class=\"alignnone wp-image-17509 size-medium\" src=\"https:\/\/alpakids.com\/wp-content\/uploads\/2026\/02\/alpa_printables_02-2026-212x300.jpg\" alt=\"\" width=\"212\" height=\"300\" srcset=\"https:\/\/alpakids.com\/wp-content\/uploads\/2026\/02\/alpa_printables_02-2026-212x300.jpg 212w, https:\/\/alpakids.com\/wp-content\/uploads\/2026\/02\/alpa_printables_02-2026-141x200.jpg 141w, https:\/\/alpakids.com\/wp-content\/uploads\/2026\/02\/alpa_printables_02-2026.jpg 303w\" sizes=\"(max-width: 212px) 100vw, 212px\" \/><\/a><\/strong><\/h6>\n<h6><\/h6>\n<p>&nbsp;<\/p>\n<h6><\/h6>\n<p>[\/vc_column_text][\/vc_column][\/vc_row]<\/p>\n<\/div>","protected":false},"excerpt":{"rendered":"<p>[vc_row kd_background_image_position=&#8221;vc_row-bg-position-top&#8221;][vc_column][vc_column_text css=&#8221;.vc_custom_1775632861192{margin-top: 200px !important;}&#8221;] DARBA LAPAS [\/vc_column_text][vc_column_text css=&#8221;&#8221;]INTELEKTU\u0100LAIS \u012aPA\u0160UMS UN AUTORTIES\u012aBAS Visi digit\u0101lie produkti, kas pieejami m\u016bsu e-veikal\u0101, ir [&hellip;]<\/p>\n","protected":false},"author":1,"featured_media":0,"parent":0,"menu_order":0,"comment_status":"closed","ping_status":"open","template":"","meta":{"footnotes":""},"class_list":["post-12875","page","type-page","status-publish","hentry"],"yoast_head":"<!-- This site is optimized with the Yoast SEO plugin v26.8 - https:\/\/yoast.com\/product\/yoast-seo-wordpress\/ -->\n<title>DARBA LAPAS - ALPA Kids<\/title>\n<meta name=\"description\" content=\"ALPA Kids\" \/>\n<meta name=\"robots\" content=\"index, follow, max-snippet:-1, max-image-preview:large, max-video-preview:-1\" \/>\n<link rel=\"canonical\" href=\"https:\/\/alpakids.com\/lv\/print\/\" \/>\n<meta property=\"og:locale\" content=\"lv_LV\" \/>\n<meta property=\"og:type\" content=\"article\" \/>\n<meta property=\"og:title\" content=\"DARBA LAPAS - ALPA Kids\" \/>\n<meta property=\"og:description\" content=\"ALPA Kids\" \/>\n<meta property=\"og:url\" content=\"https:\/\/alpakids.com\/lv\/print\/\" \/>\n<meta property=\"og:site_name\" content=\"ALPA Kids\" \/>\n<meta property=\"article:modified_time\" content=\"2026-04-08T07:21:12+00:00\" \/>\n<meta property=\"og:image\" content=\"https:\/\/alpakids.com\/wp-content\/uploads\/2026\/03\/alpa_printables_03-2026.jpg\" \/>\n\t<meta property=\"og:image:width\" content=\"303\" \/>\n\t<meta property=\"og:image:height\" content=\"429\" \/>\n\t<meta property=\"og:image:type\" content=\"image\/jpeg\" \/>\n<meta name=\"twitter:card\" content=\"summary_large_image\" \/>\n<meta name=\"twitter:label1\" content=\"Est. reading time\" \/>\n\t<meta name=\"twitter:data1\" content=\"1 minute\" \/>\n<script type=\"application\/ld+json\" class=\"yoast-schema-graph\">{\"@context\":\"https:\/\/schema.org\",\"@graph\":[{\"@type\":\"WebPage\",\"@id\":\"https:\/\/alpakids.com\/lv\/print\/\",\"url\":\"https:\/\/alpakids.com\/lv\/print\/\",\"name\":\"DARBA LAPAS - ALPA Kids\",\"isPartOf\":{\"@id\":\"https:\/\/alpakids.com\/lt\/#website\"},\"primaryImageOfPage\":{\"@id\":\"https:\/\/alpakids.com\/lv\/print\/#primaryimage\"},\"image\":{\"@id\":\"https:\/\/alpakids.com\/lv\/print\/#primaryimage\"},\"thumbnailUrl\":\"https:\/\/alpakids.com\/wp-content\/uploads\/2026\/03\/alpa_printables_03-2026-212x300.jpg\",\"datePublished\":\"2023-10-26T07:03:24+00:00\",\"dateModified\":\"2026-04-08T07:21:12+00:00\",\"description\":\"ALPA Kids\",\"breadcrumb\":{\"@id\":\"https:\/\/alpakids.com\/lv\/print\/#breadcrumb\"},\"inLanguage\":\"lv-LV\",\"potentialAction\":[{\"@type\":\"ReadAction\",\"target\":[\"https:\/\/alpakids.com\/lv\/print\/\"]}]},{\"@type\":\"ImageObject\",\"inLanguage\":\"lv-LV\",\"@id\":\"https:\/\/alpakids.com\/lv\/print\/#primaryimage\",\"url\":\"https:\/\/alpakids.com\/wp-content\/uploads\/2026\/03\/alpa_printables_03-2026-212x300.jpg\",\"contentUrl\":\"https:\/\/alpakids.com\/wp-content\/uploads\/2026\/03\/alpa_printables_03-2026-212x300.jpg\"},{\"@type\":\"BreadcrumbList\",\"@id\":\"https:\/\/alpakids.com\/lv\/print\/#breadcrumb\",\"itemListElement\":[{\"@type\":\"ListItem\",\"position\":1,\"name\":\"Home\",\"item\":\"https:\/\/alpakids.com\/lv\/\"},{\"@type\":\"ListItem\",\"position\":2,\"name\":\"DARBA LAPAS\"}]},{\"@type\":\"WebSite\",\"@id\":\"https:\/\/alpakids.com\/lt\/#website\",\"url\":\"https:\/\/alpakids.com\/lt\/\",\"name\":\"ALPA Kids\",\"description\":\"Educational games for children\",\"publisher\":{\"@id\":\"https:\/\/alpakids.com\/lt\/#organization\"},\"potentialAction\":[{\"@type\":\"SearchAction\",\"target\":{\"@type\":\"EntryPoint\",\"urlTemplate\":\"https:\/\/alpakids.com\/lt\/?s={search_term_string}\"},\"query-input\":{\"@type\":\"PropertyValueSpecification\",\"valueRequired\":true,\"valueName\":\"search_term_string\"}}],\"inLanguage\":\"lv-LV\"},{\"@type\":\"Organization\",\"@id\":\"https:\/\/alpakids.com\/lt\/#organization\",\"name\":\"ALPA Kids\",\"url\":\"https:\/\/alpakids.com\/lt\/\",\"logo\":{\"@type\":\"ImageObject\",\"inLanguage\":\"lv-LV\",\"@id\":\"https:\/\/alpakids.com\/lt\/#\/schema\/logo\/image\/\",\"url\":\"https:\/\/alpakids.com\/wp-content\/uploads\/2024\/03\/alpa-kids_logo_2019_2-2.png\",\"contentUrl\":\"https:\/\/alpakids.com\/wp-content\/uploads\/2024\/03\/alpa-kids_logo_2019_2-2.png\",\"width\":690,\"height\":354,\"caption\":\"ALPA Kids\"},\"image\":{\"@id\":\"https:\/\/alpakids.com\/lt\/#\/schema\/logo\/image\/\"},\"sameAs\":[\"https:\/\/www.linkedin.com\/company\/19111076\/\"]}]}<\/script>\n<!-- \/ Yoast SEO plugin. -->","yoast_head_json":{"title":"DARBA LAPAS - ALPA Kids","description":"ALPA Kids","robots":{"index":"index","follow":"follow","max-snippet":"max-snippet:-1","max-image-preview":"max-image-preview:large","max-video-preview":"max-video-preview:-1"},"canonical":"https:\/\/alpakids.com\/lv\/print\/","og_locale":"lv_LV","og_type":"article","og_title":"DARBA LAPAS - ALPA Kids","og_description":"ALPA Kids","og_url":"https:\/\/alpakids.com\/lv\/print\/","og_site_name":"ALPA Kids","article_modified_time":"2026-04-08T07:21:12+00:00","og_image":[{"width":303,"height":429,"url":"https:\/\/alpakids.com\/wp-content\/uploads\/2026\/03\/alpa_printables_03-2026.jpg","type":"image\/jpeg"}],"twitter_card":"summary_large_image","twitter_misc":{"Est. reading time":"1 minute"},"schema":{"@context":"https:\/\/schema.org","@graph":[{"@type":"WebPage","@id":"https:\/\/alpakids.com\/lv\/print\/","url":"https:\/\/alpakids.com\/lv\/print\/","name":"DARBA LAPAS - ALPA Kids","isPartOf":{"@id":"https:\/\/alpakids.com\/lt\/#website"},"primaryImageOfPage":{"@id":"https:\/\/alpakids.com\/lv\/print\/#primaryimage"},"image":{"@id":"https:\/\/alpakids.com\/lv\/print\/#primaryimage"},"thumbnailUrl":"https:\/\/alpakids.com\/wp-content\/uploads\/2026\/03\/alpa_printables_03-2026-212x300.jpg","datePublished":"2023-10-26T07:03:24+00:00","dateModified":"2026-04-08T07:21:12+00:00","description":"ALPA Kids","breadcrumb":{"@id":"https:\/\/alpakids.com\/lv\/print\/#breadcrumb"},"inLanguage":"lv-LV","potentialAction":[{"@type":"ReadAction","target":["https:\/\/alpakids.com\/lv\/print\/"]}]},{"@type":"ImageObject","inLanguage":"lv-LV","@id":"https:\/\/alpakids.com\/lv\/print\/#primaryimage","url":"https:\/\/alpakids.com\/wp-content\/uploads\/2026\/03\/alpa_printables_03-2026-212x300.jpg","contentUrl":"https:\/\/alpakids.com\/wp-content\/uploads\/2026\/03\/alpa_printables_03-2026-212x300.jpg"},{"@type":"BreadcrumbList","@id":"https:\/\/alpakids.com\/lv\/print\/#breadcrumb","itemListElement":[{"@type":"ListItem","position":1,"name":"Home","item":"https:\/\/alpakids.com\/lv\/"},{"@type":"ListItem","position":2,"name":"DARBA LAPAS"}]},{"@type":"WebSite","@id":"https:\/\/alpakids.com\/lt\/#website","url":"https:\/\/alpakids.com\/lt\/","name":"ALPA Kids","description":"Educational games for children","publisher":{"@id":"https:\/\/alpakids.com\/lt\/#organization"},"potentialAction":[{"@type":"SearchAction","target":{"@type":"EntryPoint","urlTemplate":"https:\/\/alpakids.com\/lt\/?s={search_term_string}"},"query-input":{"@type":"PropertyValueSpecification","valueRequired":true,"valueName":"search_term_string"}}],"inLanguage":"lv-LV"},{"@type":"Organization","@id":"https:\/\/alpakids.com\/lt\/#organization","name":"ALPA Kids","url":"https:\/\/alpakids.com\/lt\/","logo":{"@type":"ImageObject","inLanguage":"lv-LV","@id":"https:\/\/alpakids.com\/lt\/#\/schema\/logo\/image\/","url":"https:\/\/alpakids.com\/wp-content\/uploads\/2024\/03\/alpa-kids_logo_2019_2-2.png","contentUrl":"https:\/\/alpakids.com\/wp-content\/uploads\/2024\/03\/alpa-kids_logo_2019_2-2.png","width":690,"height":354,"caption":"ALPA Kids"},"image":{"@id":"https:\/\/alpakids.com\/lt\/#\/schema\/logo\/image\/"},"sameAs":["https:\/\/www.linkedin.com\/company\/19111076\/"]}]}},"_links":{"self":[{"href":"https:\/\/alpakids.com\/lv\/wp-json\/wp\/v2\/pages\/12875","targetHints":{"allow":["GET"]}}],"collection":[{"href":"https:\/\/alpakids.com\/lv\/wp-json\/wp\/v2\/pages"}],"about":[{"href":"https:\/\/alpakids.com\/lv\/wp-json\/wp\/v2\/types\/page"}],"author":[{"embeddable":true,"href":"https:\/\/alpakids.com\/lv\/wp-json\/wp\/v2\/users\/1"}],"replies":[{"embeddable":true,"href":"https:\/\/alpakids.com\/lv\/wp-json\/wp\/v2\/comments?post=12875"}],"version-history":[{"count":5,"href":"https:\/\/alpakids.com\/lv\/wp-json\/wp\/v2\/pages\/12875\/revisions"}],"predecessor-version":[{"id":18106,"href":"https:\/\/alpakids.com\/lv\/wp-json\/wp\/v2\/pages\/12875\/revisions\/18106"}],"wp:attachment":[{"href":"https:\/\/alpakids.com\/lv\/wp-json\/wp\/v2\/media?parent=12875"}],"curies":[{"name":"wp","href":"https:\/\/api.w.org\/{rel}","templated":true}]}}