{"id":16606,"date":"2025-10-13T09:07:03","date_gmt":"2025-10-13T09:07:03","guid":{"rendered":"https:\/\/alpakids.com\/?page_id=16606"},"modified":"2025-10-13T10:43:34","modified_gmt":"2025-10-13T10:43:34","slug":"konkurss","status":"publish","type":"page","link":"https:\/\/alpakids.com\/lv\/konkurss\/","title":{"rendered":"KONKURSA NOLIKUMS"},"content":{"rendered":"<div class=\"wpb-content-wrapper\"><p>[vc_row kd_background_image_position=&#8221;vc_row-bg-position-top&#8221;][vc_column][vc_column_text css=&#8221;&#8221;]<\/p>\n<h1><\/h1>\n<h1>KONKURSA NOLIKUMS<\/h1>\n<p>no 2025. gada 13. oktobra<\/p>\n<h4>\u00a71. VISP\u0100R\u012aGIE NOTEIKUMI<\/h4>\n<p>1. Konkursa Facebook un Instagram platform\u0101s (turpm\u0101k \u2013 \u201cKonkurss\u201d) organiz\u0113t\u0101js ir <strong>ALPA Kids<\/strong> (turpm\u0101k \u2013 \u201cOrganizators\u201d).,<\/p>\n<p>2. Balvu fonds tiek nodro\u0161in\u0101ts ar Organizatora l\u012bdzek\u013ciem.<\/p>\n<p>3. Konkursa dal\u012bbnieku personas datu p\u0101rzinis ir Organizators.<\/p>\n<p>4. Personas datu snieg\u0161ana ir br\u012bvpr\u0101t\u012bga, ta\u010du nepiecie\u0161ama, lai piedal\u012btos Konkurs\u0101. Dal\u012bbniekiem ir ties\u012bbas piek\u013c\u016bt saviem datiem, tos labot vai dz\u0113st.<\/p>\n<p>5. \u0160is nolikums nosaka Konkursa norises nosac\u012bjumus.<\/p>\n<p>6. Konkurss nav izveidots, p\u0101rvald\u012bts, atbalst\u012bts vai sponsor\u0113ts no Facebook vai Instagram puses. Facebook un Instagram ir uz\u0146\u0113muma <strong>Meta Platforms, Inc.<\/strong> pre\u010du z\u012bmes.<\/p>\n<p>7. Organizators apliecina, ka Konkurss tiek organiz\u0113ts k\u0101 bezmaksas rekl\u0101mas izloze, kur\u0101 uzvar\u0113t\u0101js tiek noteikts nejau\u0161\u0101 k\u0101rt\u012bb\u0101. Balvu kop\u0113j\u0101 v\u0113rt\u012bba nep\u0101rsniedz 720 EUR, t\u0101d\u0113\u013c at\u013cauja no Valsts ie\u0146\u0113mumu dienesta nav nepiecie\u0161ama, atbilsto\u0161i Latvijas Republikas Izlo\u017eu un azartsp\u0113\u013cu uzraudz\u012bbas likumam. Konkurss nav azartsp\u0113le, loterija vai der\u012bbas \u0161\u012b likuma izpratn\u0113.<\/p>\n<p>8. Konkurss tiek organiz\u0113ts ALPA Kids Latvija soci\u0101lo t\u012bklu lap\u0101s (turpm\u0101k \u2013 \u201cProfils\u201d).<\/p>\n<p>9. Par Konkursa norises un noteikumu iev\u0113ro\u0161anas uzraudz\u012bbu atbild Organizators.<\/p>\n<h4>\u00a72. KONKURSA DAL\u012aBNIEKI<\/h4>\n<p>1. Konkurs\u0101 var piedal\u012bties tikai fiziskas personas ar pilnu r\u012bc\u012bbsp\u0113ju, kas ir <strong>Facebook.com<\/strong> un <strong>Instagram.com<\/strong> lietot\u0101ji un kuri piekr\u012bt \u0161im Nolikuma saturam (turpm\u0101k \u2013 \u201cDal\u012bbnieks\u201d).<\/p>\n<p>2. Dal\u012bbnieks apliecina, ka:<\/p>\n<p>a. ir pilngad\u012bga fiziska persona ar pilnu r\u012bc\u012bbsp\u0113ju;<br \/>\nb. ir iepazinies ar Nolikumu un br\u012bvpr\u0101t\u012bgi piekr\u012bt taj\u0101 noteiktajiem nosac\u012bjumiem;<br \/>\nc. piekr\u012bt visiem noteikumiem, tostarp balvas sa\u0146em\u0161anas k\u0101rt\u012bbai;<br \/>\nd. iev\u0113ros Nolikuma, k\u0101 ar\u012b Facebook un Instagram lieto\u0161anas noteikumus;<br \/>\ne. piekr\u012bt savu personas datu apstr\u0101dei konkursa norises vajadz\u012bb\u0101m;<br \/>\nf. ir re\u0123istr\u0113ts Facebook un\/vai Instagram lietot\u0101js.<\/p>\n<p>3. Konkurs\u0101 nedr\u012bkst piedal\u012bties Organizatora darbinieki un sadarb\u012bbas partneri.<\/p>\n<h4>\u00a73. BALVAS<\/h4>\n<p>1. Konkurs\u0101 paredz\u0113ta <strong>1 galven\u0101 balva<\/strong> un <strong>10 papildu balvas.<\/strong><\/p>\n<p>2. Galven\u0101 balva \u2013 <strong>Samsung Galaxy Tab A9 plan\u0161etdators.<\/strong><br \/>\nPapildu balvas \u2013 <strong>10 gada abonementi ALPA Kids lietotnei.<\/strong><\/p>\n<p>3. Inform\u0101cija par balv\u0101m b\u016bs nor\u0101d\u012bta konkursa pazi\u0146ojum\u0101 Facebook un Instagram lap\u0101s.<\/p>\n<p>4. Balvas nav apmain\u0101mas pret naudu vai cit\u0101m liet\u0101m.<\/p>\n<p>5. Dal\u012bbnieks var atteikties no balvas, ta\u010du kompens\u0101cija par to netiek pie\u0161\u0137irta.<\/p>\n<h4>\u00a74. KONKURSA NORISE<\/h4>\n<p>1. Konkurss tiek r\u012bkots Organizatora profilos:<\/p>\n<p><a href=\"https:\/\/www.facebook.com\/alpakidslatvija\">https:\/\/www.facebook.com\/alpakidslatvija<\/a><\/p>\n<p><a href=\"https:\/\/www.instagram.com\/alpakidslatvija\/\">https:\/\/www.instagram.com\/alpakidslatvija\/<\/a><\/p>\n<p>&nbsp;<\/p>\n<p>&nbsp;<\/p>\n<p>&nbsp;<\/p>\n<p>[\/vc_column_text][\/vc_column][\/vc_row]<\/p>\n<\/div>","protected":false},"excerpt":{"rendered":"<p>[vc_row kd_background_image_position=&#8221;vc_row-bg-position-top&#8221;][vc_column][vc_column_text css=&#8221;&#8221;] KONKURSA NOLIKUMS no 2025. gada 13. oktobra \u00a71. VISP\u0100R\u012aGIE NOTEIKUMI 1. Konkursa Facebook un Instagram platform\u0101s (turpm\u0101k [&hellip;]<\/p>\n","protected":false},"author":1,"featured_media":0,"parent":0,"menu_order":0,"comment_status":"closed","ping_status":"open","template":"","meta":{"footnotes":""},"class_list":["post-16606","page","type-page","status-publish","hentry"],"yoast_head":"<!-- This site is optimized with the Yoast SEO plugin v26.8 - https:\/\/yoast.com\/product\/yoast-seo-wordpress\/ -->\n<title>KONKURSA NOLIKUMS - ALPA Kids<\/title>\n<meta name=\"description\" content=\"ALPA Kids\" \/>\n<meta name=\"robots\" content=\"index, follow, max-snippet:-1, max-image-preview:large, max-video-preview:-1\" \/>\n<link rel=\"canonical\" href=\"https:\/\/alpakids.com\/lv\/konkurss\/\" \/>\n<meta property=\"og:locale\" content=\"lv_LV\" \/>\n<meta property=\"og:type\" content=\"article\" \/>\n<meta property=\"og:title\" content=\"KONKURSA NOLIKUMS - ALPA Kids\" \/>\n<meta property=\"og:description\" content=\"ALPA Kids\" \/>\n<meta property=\"og:url\" content=\"https:\/\/alpakids.com\/lv\/konkurss\/\" \/>\n<meta property=\"og:site_name\" content=\"ALPA Kids\" \/>\n<meta property=\"article:modified_time\" content=\"2025-10-13T10:43:34+00:00\" \/>\n<meta property=\"og:image\" content=\"https:\/\/alpakids.com\/wp-content\/uploads\/2024\/03\/alpa-kids_googleplay-dev-header_1200x675.png\" \/>\n\t<meta property=\"og:image:width\" content=\"1200\" \/>\n\t<meta property=\"og:image:height\" content=\"675\" \/>\n\t<meta property=\"og:image:type\" content=\"image\/png\" \/>\n<meta name=\"twitter:card\" content=\"summary_large_image\" \/>\n<meta name=\"twitter:label1\" content=\"Est. reading time\" \/>\n\t<meta name=\"twitter:data1\" content=\"2 minutes\" \/>\n<script type=\"application\/ld+json\" class=\"yoast-schema-graph\">{\"@context\":\"https:\/\/schema.org\",\"@graph\":[{\"@type\":\"WebPage\",\"@id\":\"https:\/\/alpakids.com\/lv\/konkurss\/\",\"url\":\"https:\/\/alpakids.com\/lv\/konkurss\/\",\"name\":\"KONKURSA NOLIKUMS - ALPA Kids\",\"isPartOf\":{\"@id\":\"https:\/\/alpakids.com\/lt\/#website\"},\"datePublished\":\"2025-10-13T09:07:03+00:00\",\"dateModified\":\"2025-10-13T10:43:34+00:00\",\"description\":\"ALPA Kids\",\"breadcrumb\":{\"@id\":\"https:\/\/alpakids.com\/lv\/konkurss\/#breadcrumb\"},\"inLanguage\":\"lv-LV\",\"potentialAction\":[{\"@type\":\"ReadAction\",\"target\":[\"https:\/\/alpakids.com\/lv\/konkurss\/\"]}]},{\"@type\":\"BreadcrumbList\",\"@id\":\"https:\/\/alpakids.com\/lv\/konkurss\/#breadcrumb\",\"itemListElement\":[{\"@type\":\"ListItem\",\"position\":1,\"name\":\"Home\",\"item\":\"https:\/\/alpakids.com\/lv\/\"},{\"@type\":\"ListItem\",\"position\":2,\"name\":\"KONKURSA NOLIKUMS\"}]},{\"@type\":\"WebSite\",\"@id\":\"https:\/\/alpakids.com\/lt\/#website\",\"url\":\"https:\/\/alpakids.com\/lt\/\",\"name\":\"ALPA Kids\",\"description\":\"Educational games for children\",\"publisher\":{\"@id\":\"https:\/\/alpakids.com\/lt\/#organization\"},\"potentialAction\":[{\"@type\":\"SearchAction\",\"target\":{\"@type\":\"EntryPoint\",\"urlTemplate\":\"https:\/\/alpakids.com\/lt\/?s={search_term_string}\"},\"query-input\":{\"@type\":\"PropertyValueSpecification\",\"valueRequired\":true,\"valueName\":\"search_term_string\"}}],\"inLanguage\":\"lv-LV\"},{\"@type\":\"Organization\",\"@id\":\"https:\/\/alpakids.com\/lt\/#organization\",\"name\":\"ALPA Kids\",\"url\":\"https:\/\/alpakids.com\/lt\/\",\"logo\":{\"@type\":\"ImageObject\",\"inLanguage\":\"lv-LV\",\"@id\":\"https:\/\/alpakids.com\/lt\/#\/schema\/logo\/image\/\",\"url\":\"https:\/\/alpakids.com\/wp-content\/uploads\/2024\/03\/alpa-kids_logo_2019_2-2.png\",\"contentUrl\":\"https:\/\/alpakids.com\/wp-content\/uploads\/2024\/03\/alpa-kids_logo_2019_2-2.png\",\"width\":690,\"height\":354,\"caption\":\"ALPA Kids\"},\"image\":{\"@id\":\"https:\/\/alpakids.com\/lt\/#\/schema\/logo\/image\/\"},\"sameAs\":[\"https:\/\/www.linkedin.com\/company\/19111076\/\"]}]}<\/script>\n<!-- \/ Yoast SEO plugin. -->","yoast_head_json":{"title":"KONKURSA NOLIKUMS - ALPA Kids","description":"ALPA Kids","robots":{"index":"index","follow":"follow","max-snippet":"max-snippet:-1","max-image-preview":"max-image-preview:large","max-video-preview":"max-video-preview:-1"},"canonical":"https:\/\/alpakids.com\/lv\/konkurss\/","og_locale":"lv_LV","og_type":"article","og_title":"KONKURSA NOLIKUMS - ALPA Kids","og_description":"ALPA Kids","og_url":"https:\/\/alpakids.com\/lv\/konkurss\/","og_site_name":"ALPA Kids","article_modified_time":"2025-10-13T10:43:34+00:00","og_image":[{"width":1200,"height":675,"url":"https:\/\/alpakids.com\/wp-content\/uploads\/2024\/03\/alpa-kids_googleplay-dev-header_1200x675.png","type":"image\/png"}],"twitter_card":"summary_large_image","twitter_misc":{"Est. reading time":"2 minutes"},"schema":{"@context":"https:\/\/schema.org","@graph":[{"@type":"WebPage","@id":"https:\/\/alpakids.com\/lv\/konkurss\/","url":"https:\/\/alpakids.com\/lv\/konkurss\/","name":"KONKURSA NOLIKUMS - ALPA Kids","isPartOf":{"@id":"https:\/\/alpakids.com\/lt\/#website"},"datePublished":"2025-10-13T09:07:03+00:00","dateModified":"2025-10-13T10:43:34+00:00","description":"ALPA Kids","breadcrumb":{"@id":"https:\/\/alpakids.com\/lv\/konkurss\/#breadcrumb"},"inLanguage":"lv-LV","potentialAction":[{"@type":"ReadAction","target":["https:\/\/alpakids.com\/lv\/konkurss\/"]}]},{"@type":"BreadcrumbList","@id":"https:\/\/alpakids.com\/lv\/konkurss\/#breadcrumb","itemListElement":[{"@type":"ListItem","position":1,"name":"Home","item":"https:\/\/alpakids.com\/lv\/"},{"@type":"ListItem","position":2,"name":"KONKURSA NOLIKUMS"}]},{"@type":"WebSite","@id":"https:\/\/alpakids.com\/lt\/#website","url":"https:\/\/alpakids.com\/lt\/","name":"ALPA Kids","description":"Educational games for children","publisher":{"@id":"https:\/\/alpakids.com\/lt\/#organization"},"potentialAction":[{"@type":"SearchAction","target":{"@type":"EntryPoint","urlTemplate":"https:\/\/alpakids.com\/lt\/?s={search_term_string}"},"query-input":{"@type":"PropertyValueSpecification","valueRequired":true,"valueName":"search_term_string"}}],"inLanguage":"lv-LV"},{"@type":"Organization","@id":"https:\/\/alpakids.com\/lt\/#organization","name":"ALPA Kids","url":"https:\/\/alpakids.com\/lt\/","logo":{"@type":"ImageObject","inLanguage":"lv-LV","@id":"https:\/\/alpakids.com\/lt\/#\/schema\/logo\/image\/","url":"https:\/\/alpakids.com\/wp-content\/uploads\/2024\/03\/alpa-kids_logo_2019_2-2.png","contentUrl":"https:\/\/alpakids.com\/wp-content\/uploads\/2024\/03\/alpa-kids_logo_2019_2-2.png","width":690,"height":354,"caption":"ALPA Kids"},"image":{"@id":"https:\/\/alpakids.com\/lt\/#\/schema\/logo\/image\/"},"sameAs":["https:\/\/www.linkedin.com\/company\/19111076\/"]}]}},"_links":{"self":[{"href":"https:\/\/alpakids.com\/lv\/wp-json\/wp\/v2\/pages\/16606","targetHints":{"allow":["GET"]}}],"collection":[{"href":"https:\/\/alpakids.com\/lv\/wp-json\/wp\/v2\/pages"}],"about":[{"href":"https:\/\/alpakids.com\/lv\/wp-json\/wp\/v2\/types\/page"}],"author":[{"embeddable":true,"href":"https:\/\/alpakids.com\/lv\/wp-json\/wp\/v2\/users\/1"}],"replies":[{"embeddable":true,"href":"https:\/\/alpakids.com\/lv\/wp-json\/wp\/v2\/comments?post=16606"}],"version-history":[{"count":5,"href":"https:\/\/alpakids.com\/lv\/wp-json\/wp\/v2\/pages\/16606\/revisions"}],"predecessor-version":[{"id":16616,"href":"https:\/\/alpakids.com\/lv\/wp-json\/wp\/v2\/pages\/16606\/revisions\/16616"}],"wp:attachment":[{"href":"https:\/\/alpakids.com\/lv\/wp-json\/wp\/v2\/media?parent=16606"}],"curies":[{"name":"wp","href":"https:\/\/api.w.org\/{rel}","templated":true}]}}