{"id":12877,"date":"2023-10-26T07:03:24","date_gmt":"2023-10-26T07:03:24","guid":{"rendered":"https:\/\/alpakids.com\/print\/"},"modified":"2026-03-09T12:43:04","modified_gmt":"2026-03-09T12:43:04","slug":"print","status":"publish","type":"page","link":"https:\/\/alpakids.com\/sv\/print\/","title":{"rendered":"Arbetsblad"},"content":{"rendered":"<div class=\"wpb-content-wrapper\"><p>[vc_row kd_background_image_position=&#8221;vc_row-bg-position-top&#8221;][vc_column][vc_column_text css=&#8221;.vc_custom_1702850048116{margin-top: 200px !important;}&#8221;]<\/p>\n<h1 style=\"text-align: center;\">ARBETSBLAD<\/h1>\n<p>&nbsp;<\/p>\n<p>[\/vc_column_text][vc_column_text css=&#8221;&#8221;]<span style=\"color: #808080;\">IMMATERIELLA R\u00c4TTIGHETER OCH UPPHOVSR\u00c4TT <\/span><br \/>\n<span style=\"color: #808080;\"> Alla digitala produkter som finns i v\u00e5r e-butik \u00e4r skyddade av immateriella r\u00e4ttigheter och deras upphovsr\u00e4tt tillh\u00f6r oss (ALPA Kids O\u00dc). Genom att k\u00f6pa v\u00e5ra digitala produkter beviljas du inte upphovsr\u00e4tt eller immateriella r\u00e4ttigheter till dessa produkter. Du f\u00e5r inte modifiera, anpassa eller redigera digitala produkter p\u00e5 ett s\u00e4tt som g\u00f6r dem publicerbara eller delbara med tredje part. Du har r\u00e4tt att anv\u00e4nda v\u00e5ra digitala produkter endast f\u00f6r personliga \u00e4ndam\u00e5l. <\/span><br \/>\n<span style=\"color: #808080;\">Vid eventuella fr\u00e5gor, v\u00e4nligen maila info@alpakids.com.<\/span><\/p>\n<hr \/>\n<h6><strong>Mars 2026<\/strong><\/h6>\n<h6><strong><a href=\"https:\/\/alpakids.com\/wp-content\/uploads\/2026\/03\/alpa_printables_03-2026_SV.pdf\" target=\"_blank\" rel=\"noopener\"><img fetchpriority=\"high\" decoding=\"async\" class=\"alignnone wp-image-17719 size-medium\" src=\"https:\/\/alpakids.com\/wp-content\/uploads\/2026\/03\/alpa_printables_03-2026-212x300.jpg\" alt=\"\" width=\"212\" height=\"300\" srcset=\"https:\/\/alpakids.com\/wp-content\/uploads\/2026\/03\/alpa_printables_03-2026-212x300.jpg 212w, https:\/\/alpakids.com\/wp-content\/uploads\/2026\/03\/alpa_printables_03-2026-141x200.jpg 141w, https:\/\/alpakids.com\/wp-content\/uploads\/2026\/03\/alpa_printables_03-2026.jpg 303w\" sizes=\"(max-width: 212px) 100vw, 212px\" \/><\/a><\/strong><\/h6>\n<h6><strong>Februari 2026<\/strong><\/h6>\n<h6><strong><a href=\"https:\/\/alpakids.com\/wp-content\/uploads\/2026\/02\/alpa_printables_02-2026_sv.pdf\" target=\"_blank\" rel=\"noopener\"><img decoding=\"async\" class=\"alignnone wp-image-17513 size-medium\" src=\"https:\/\/alpakids.com\/wp-content\/uploads\/2026\/02\/alpa_printables_02-2026-212x300.jpg\" alt=\"\" width=\"212\" height=\"300\" srcset=\"https:\/\/alpakids.com\/wp-content\/uploads\/2026\/02\/alpa_printables_02-2026-212x300.jpg 212w, https:\/\/alpakids.com\/wp-content\/uploads\/2026\/02\/alpa_printables_02-2026-141x200.jpg 141w, https:\/\/alpakids.com\/wp-content\/uploads\/2026\/02\/alpa_printables_02-2026.jpg 303w\" sizes=\"(max-width: 212px) 100vw, 212px\" \/><\/a><\/strong><\/h6>\n<h6><\/h6>\n<p>&nbsp;<\/p>\n<p>&nbsp;<\/p>\n<h6><\/h6>\n<h6><\/h6>\n<p>[\/vc_column_text][\/vc_column][\/vc_row]<\/p>\n<\/div>","protected":false},"excerpt":{"rendered":"<p>[vc_row kd_background_image_position=&#8221;vc_row-bg-position-top&#8221;][vc_column][vc_column_text css=&#8221;.vc_custom_1702850048116{margin-top: 200px !important;}&#8221;] ARBETSBLAD &nbsp; [\/vc_column_text][vc_column_text css=&#8221;&#8221;]IMMATERIELLA R\u00c4TTIGHETER OCH UPPHOVSR\u00c4TT Alla digitala produkter som finns i v\u00e5r e-butik [&hellip;]<\/p>\n","protected":false},"author":1,"featured_media":0,"parent":0,"menu_order":0,"comment_status":"closed","ping_status":"open","template":"","meta":{"footnotes":""},"class_list":["post-12877","page","type-page","status-publish","hentry"],"yoast_head":"<!-- This site is optimized with the Yoast SEO plugin v26.8 - https:\/\/yoast.com\/product\/yoast-seo-wordpress\/ -->\n<title>Arbetsblad - ALPA Kids<\/title>\n<meta name=\"description\" content=\"ALPA Kids\" \/>\n<meta name=\"robots\" content=\"index, follow, max-snippet:-1, max-image-preview:large, max-video-preview:-1\" \/>\n<link rel=\"canonical\" href=\"https:\/\/alpakids.com\/sv\/print\/\" \/>\n<meta property=\"og:locale\" content=\"sv_SE\" \/>\n<meta property=\"og:type\" content=\"article\" \/>\n<meta property=\"og:title\" content=\"Arbetsblad - ALPA Kids\" \/>\n<meta property=\"og:description\" content=\"ALPA Kids\" \/>\n<meta property=\"og:url\" content=\"https:\/\/alpakids.com\/sv\/print\/\" \/>\n<meta property=\"og:site_name\" content=\"ALPA Kids\" \/>\n<meta property=\"article:modified_time\" content=\"2026-03-09T12:43:04+00:00\" \/>\n<meta property=\"og:image\" content=\"https:\/\/alpakids.com\/wp-content\/uploads\/2026\/03\/alpa_printables_03-2026.jpg\" \/>\n\t<meta property=\"og:image:width\" content=\"303\" \/>\n\t<meta property=\"og:image:height\" content=\"429\" \/>\n\t<meta property=\"og:image:type\" content=\"image\/jpeg\" \/>\n<meta name=\"twitter:card\" content=\"summary_large_image\" \/>\n<meta name=\"twitter:label1\" content=\"Ber\u00e4knad l\u00e4stid\" \/>\n\t<meta name=\"twitter:data1\" content=\"1 minut\" \/>\n<script type=\"application\/ld+json\" class=\"yoast-schema-graph\">{\"@context\":\"https:\/\/schema.org\",\"@graph\":[{\"@type\":\"WebPage\",\"@id\":\"https:\/\/alpakids.com\/sv\/print\/\",\"url\":\"https:\/\/alpakids.com\/sv\/print\/\",\"name\":\"Arbetsblad - ALPA Kids\",\"isPartOf\":{\"@id\":\"https:\/\/alpakids.com\/lt\/#website\"},\"primaryImageOfPage\":{\"@id\":\"https:\/\/alpakids.com\/sv\/print\/#primaryimage\"},\"image\":{\"@id\":\"https:\/\/alpakids.com\/sv\/print\/#primaryimage\"},\"thumbnailUrl\":\"https:\/\/alpakids.com\/wp-content\/uploads\/2026\/03\/alpa_printables_03-2026-212x300.jpg\",\"datePublished\":\"2023-10-26T07:03:24+00:00\",\"dateModified\":\"2026-03-09T12:43:04+00:00\",\"description\":\"ALPA Kids\",\"breadcrumb\":{\"@id\":\"https:\/\/alpakids.com\/sv\/print\/#breadcrumb\"},\"inLanguage\":\"sv-SE\",\"potentialAction\":[{\"@type\":\"ReadAction\",\"target\":[\"https:\/\/alpakids.com\/sv\/print\/\"]}]},{\"@type\":\"ImageObject\",\"inLanguage\":\"sv-SE\",\"@id\":\"https:\/\/alpakids.com\/sv\/print\/#primaryimage\",\"url\":\"https:\/\/alpakids.com\/wp-content\/uploads\/2026\/03\/alpa_printables_03-2026-212x300.jpg\",\"contentUrl\":\"https:\/\/alpakids.com\/wp-content\/uploads\/2026\/03\/alpa_printables_03-2026-212x300.jpg\"},{\"@type\":\"BreadcrumbList\",\"@id\":\"https:\/\/alpakids.com\/sv\/print\/#breadcrumb\",\"itemListElement\":[{\"@type\":\"ListItem\",\"position\":1,\"name\":\"Home\",\"item\":\"https:\/\/alpakids.com\/sv\/\"},{\"@type\":\"ListItem\",\"position\":2,\"name\":\"Arbetsblad\"}]},{\"@type\":\"WebSite\",\"@id\":\"https:\/\/alpakids.com\/lt\/#website\",\"url\":\"https:\/\/alpakids.com\/lt\/\",\"name\":\"ALPA Kids\",\"description\":\"Educational games for children\",\"publisher\":{\"@id\":\"https:\/\/alpakids.com\/lt\/#organization\"},\"potentialAction\":[{\"@type\":\"SearchAction\",\"target\":{\"@type\":\"EntryPoint\",\"urlTemplate\":\"https:\/\/alpakids.com\/lt\/?s={search_term_string}\"},\"query-input\":{\"@type\":\"PropertyValueSpecification\",\"valueRequired\":true,\"valueName\":\"search_term_string\"}}],\"inLanguage\":\"sv-SE\"},{\"@type\":\"Organization\",\"@id\":\"https:\/\/alpakids.com\/lt\/#organization\",\"name\":\"ALPA Kids\",\"url\":\"https:\/\/alpakids.com\/lt\/\",\"logo\":{\"@type\":\"ImageObject\",\"inLanguage\":\"sv-SE\",\"@id\":\"https:\/\/alpakids.com\/lt\/#\/schema\/logo\/image\/\",\"url\":\"https:\/\/alpakids.com\/wp-content\/uploads\/2024\/03\/alpa-kids_logo_2019_2-2.png\",\"contentUrl\":\"https:\/\/alpakids.com\/wp-content\/uploads\/2024\/03\/alpa-kids_logo_2019_2-2.png\",\"width\":690,\"height\":354,\"caption\":\"ALPA Kids\"},\"image\":{\"@id\":\"https:\/\/alpakids.com\/lt\/#\/schema\/logo\/image\/\"},\"sameAs\":[\"https:\/\/www.linkedin.com\/company\/19111076\/\"]}]}<\/script>\n<!-- \/ Yoast SEO plugin. -->","yoast_head_json":{"title":"Arbetsblad - ALPA Kids","description":"ALPA Kids","robots":{"index":"index","follow":"follow","max-snippet":"max-snippet:-1","max-image-preview":"max-image-preview:large","max-video-preview":"max-video-preview:-1"},"canonical":"https:\/\/alpakids.com\/sv\/print\/","og_locale":"sv_SE","og_type":"article","og_title":"Arbetsblad - ALPA Kids","og_description":"ALPA Kids","og_url":"https:\/\/alpakids.com\/sv\/print\/","og_site_name":"ALPA Kids","article_modified_time":"2026-03-09T12:43:04+00:00","og_image":[{"width":303,"height":429,"url":"https:\/\/alpakids.com\/wp-content\/uploads\/2026\/03\/alpa_printables_03-2026.jpg","type":"image\/jpeg"}],"twitter_card":"summary_large_image","twitter_misc":{"Ber\u00e4knad l\u00e4stid":"1 minut"},"schema":{"@context":"https:\/\/schema.org","@graph":[{"@type":"WebPage","@id":"https:\/\/alpakids.com\/sv\/print\/","url":"https:\/\/alpakids.com\/sv\/print\/","name":"Arbetsblad - ALPA Kids","isPartOf":{"@id":"https:\/\/alpakids.com\/lt\/#website"},"primaryImageOfPage":{"@id":"https:\/\/alpakids.com\/sv\/print\/#primaryimage"},"image":{"@id":"https:\/\/alpakids.com\/sv\/print\/#primaryimage"},"thumbnailUrl":"https:\/\/alpakids.com\/wp-content\/uploads\/2026\/03\/alpa_printables_03-2026-212x300.jpg","datePublished":"2023-10-26T07:03:24+00:00","dateModified":"2026-03-09T12:43:04+00:00","description":"ALPA Kids","breadcrumb":{"@id":"https:\/\/alpakids.com\/sv\/print\/#breadcrumb"},"inLanguage":"sv-SE","potentialAction":[{"@type":"ReadAction","target":["https:\/\/alpakids.com\/sv\/print\/"]}]},{"@type":"ImageObject","inLanguage":"sv-SE","@id":"https:\/\/alpakids.com\/sv\/print\/#primaryimage","url":"https:\/\/alpakids.com\/wp-content\/uploads\/2026\/03\/alpa_printables_03-2026-212x300.jpg","contentUrl":"https:\/\/alpakids.com\/wp-content\/uploads\/2026\/03\/alpa_printables_03-2026-212x300.jpg"},{"@type":"BreadcrumbList","@id":"https:\/\/alpakids.com\/sv\/print\/#breadcrumb","itemListElement":[{"@type":"ListItem","position":1,"name":"Home","item":"https:\/\/alpakids.com\/sv\/"},{"@type":"ListItem","position":2,"name":"Arbetsblad"}]},{"@type":"WebSite","@id":"https:\/\/alpakids.com\/lt\/#website","url":"https:\/\/alpakids.com\/lt\/","name":"ALPA Kids","description":"Educational games for children","publisher":{"@id":"https:\/\/alpakids.com\/lt\/#organization"},"potentialAction":[{"@type":"SearchAction","target":{"@type":"EntryPoint","urlTemplate":"https:\/\/alpakids.com\/lt\/?s={search_term_string}"},"query-input":{"@type":"PropertyValueSpecification","valueRequired":true,"valueName":"search_term_string"}}],"inLanguage":"sv-SE"},{"@type":"Organization","@id":"https:\/\/alpakids.com\/lt\/#organization","name":"ALPA Kids","url":"https:\/\/alpakids.com\/lt\/","logo":{"@type":"ImageObject","inLanguage":"sv-SE","@id":"https:\/\/alpakids.com\/lt\/#\/schema\/logo\/image\/","url":"https:\/\/alpakids.com\/wp-content\/uploads\/2024\/03\/alpa-kids_logo_2019_2-2.png","contentUrl":"https:\/\/alpakids.com\/wp-content\/uploads\/2024\/03\/alpa-kids_logo_2019_2-2.png","width":690,"height":354,"caption":"ALPA Kids"},"image":{"@id":"https:\/\/alpakids.com\/lt\/#\/schema\/logo\/image\/"},"sameAs":["https:\/\/www.linkedin.com\/company\/19111076\/"]}]}},"_links":{"self":[{"href":"https:\/\/alpakids.com\/sv\/wp-json\/wp\/v2\/pages\/12877","targetHints":{"allow":["GET"]}}],"collection":[{"href":"https:\/\/alpakids.com\/sv\/wp-json\/wp\/v2\/pages"}],"about":[{"href":"https:\/\/alpakids.com\/sv\/wp-json\/wp\/v2\/types\/page"}],"author":[{"embeddable":true,"href":"https:\/\/alpakids.com\/sv\/wp-json\/wp\/v2\/users\/1"}],"replies":[{"embeddable":true,"href":"https:\/\/alpakids.com\/sv\/wp-json\/wp\/v2\/comments?post=12877"}],"version-history":[{"count":5,"href":"https:\/\/alpakids.com\/sv\/wp-json\/wp\/v2\/pages\/12877\/revisions"}],"predecessor-version":[{"id":17812,"href":"https:\/\/alpakids.com\/sv\/wp-json\/wp\/v2\/pages\/12877\/revisions\/17812"}],"wp:attachment":[{"href":"https:\/\/alpakids.com\/sv\/wp-json\/wp\/v2\/media?parent=12877"}],"curies":[{"name":"wp","href":"https:\/\/api.w.org\/{rel}","templated":true}]}}